{"id":2455,"date":"2024-05-16T15:47:35","date_gmt":"2024-05-16T18:47:35","guid":{"rendered":"https:\/\/camisetasebrindesexpress.com.br\/?post_type=product&#038;p=2455"},"modified":"2024-05-16T15:47:36","modified_gmt":"2024-05-16T18:47:36","slug":"94258-caraway-long-tabua-de-servir-aperitivos-em-bambu-com-pega","status":"publish","type":"product","link":"https:\/\/camisetasebrindesexpress.com.br\/index.php\/produto\/94258-caraway-long-tabua-de-servir-aperitivos-em-bambu-com-pega\/","title":{"rendered":"94258 CARAWAY LONG. T\u00e1bua de servir aperitivos em bambu com pega"},"content":{"rendered":"<p>T\u00e1bua de servir em bambu com pega, de grande dimens\u00e3o e de utiliza\u00e7\u00e3o vers\u00e1til. Certifica\u00e7\u00e3o EU Food Grade. Fornecido com caixa presente de papel kraft. Por ser um produto composto por materiais naturais, a cor e tamanho do produto e o resultado da impress\u00e3o podem variar entre produtos. 155 x 600 x 12 mm<\/p>\n","protected":false},"excerpt":{"rendered":"<p>T\u00e1bua de servir em bambu com pega, de grande dimens\u00e3o e de utiliza\u00e7\u00e3o vers\u00e1til. Certifica\u00e7\u00e3o EU Food Grade. Fornecido com caixa presente de papel kraft. Por ser um produto composto por materiais naturais, a cor e tamanho do produto e o resultado da impress\u00e3o podem variar entre produtos. 155 x 600 x 12 mm<\/p>\n","protected":false},"featured_media":2462,"comment_status":"open","ping_status":"closed","template":"","meta":{"_joinchat":[]},"product_cat":[27],"product_tag":[],"_links":{"self":[{"href":"https:\/\/camisetasebrindesexpress.com.br\/index.php\/wp-json\/wp\/v2\/product\/2455"}],"collection":[{"href":"https:\/\/camisetasebrindesexpress.com.br\/index.php\/wp-json\/wp\/v2\/product"}],"about":[{"href":"https:\/\/camisetasebrindesexpress.com.br\/index.php\/wp-json\/wp\/v2\/types\/product"}],"replies":[{"embeddable":true,"href":"https:\/\/camisetasebrindesexpress.com.br\/index.php\/wp-json\/wp\/v2\/comments?post=2455"}],"wp:featuredmedia":[{"embeddable":true,"href":"https:\/\/camisetasebrindesexpress.com.br\/index.php\/wp-json\/wp\/v2\/media\/2462"}],"wp:attachment":[{"href":"https:\/\/camisetasebrindesexpress.com.br\/index.php\/wp-json\/wp\/v2\/media?parent=2455"}],"wp:term":[{"taxonomy":"product_cat","embeddable":true,"href":"https:\/\/camisetasebrindesexpress.com.br\/index.php\/wp-json\/wp\/v2\/product_cat?post=2455"},{"taxonomy":"product_tag","embeddable":true,"href":"https:\/\/camisetasebrindesexpress.com.br\/index.php\/wp-json\/wp\/v2\/product_tag?post=2455"}],"curies":[{"name":"wp","href":"https:\/\/api.w.org\/{rel}","templated":true}]}}