{"id":2436,"date":"2024-05-15T17:01:13","date_gmt":"2024-05-15T20:01:13","guid":{"rendered":"https:\/\/camisetasebrindesexpress.com.br\/?post_type=product&#038;p=2436"},"modified":"2024-05-15T17:01:13","modified_gmt":"2024-05-15T20:01:13","slug":"94621-conley-squeeze-em-ps-e-pe-500-ml","status":"publish","type":"product","link":"https:\/\/camisetasebrindesexpress.com.br\/index.php\/produto\/94621-conley-squeeze-em-ps-e-pe-500-ml\/","title":{"rendered":"94621 CONLEY. Squeeze em PS e PE 500 mL"},"content":{"rendered":"<p>Squeeze em PS com tampa em PE com bico de canudo flex\u00edvel (no interior) e de abertura f\u00e1cil. Capacidade at\u00e9 500 mL. Certifica\u00e7\u00e3o EU Food Grade. Caixa branca 94651 vendida opcionalmente. \u00f870 x 230 mm<\/p>\n","protected":false},"excerpt":{"rendered":"<p>Squeeze em PS com tampa em PE com bico de canudo flex\u00edvel (no interior) e de abertura f\u00e1cil. Capacidade at\u00e9 500 mL. Certifica\u00e7\u00e3o EU Food Grade. Caixa branca 94651 vendida opcionalmente. \u00f870 x 230 mm<\/p>\n","protected":false},"featured_media":2440,"comment_status":"open","ping_status":"closed","template":"","meta":{"_joinchat":[]},"product_cat":[24],"product_tag":[],"_links":{"self":[{"href":"https:\/\/camisetasebrindesexpress.com.br\/index.php\/wp-json\/wp\/v2\/product\/2436"}],"collection":[{"href":"https:\/\/camisetasebrindesexpress.com.br\/index.php\/wp-json\/wp\/v2\/product"}],"about":[{"href":"https:\/\/camisetasebrindesexpress.com.br\/index.php\/wp-json\/wp\/v2\/types\/product"}],"replies":[{"embeddable":true,"href":"https:\/\/camisetasebrindesexpress.com.br\/index.php\/wp-json\/wp\/v2\/comments?post=2436"}],"wp:featuredmedia":[{"embeddable":true,"href":"https:\/\/camisetasebrindesexpress.com.br\/index.php\/wp-json\/wp\/v2\/media\/2440"}],"wp:attachment":[{"href":"https:\/\/camisetasebrindesexpress.com.br\/index.php\/wp-json\/wp\/v2\/media?parent=2436"}],"wp:term":[{"taxonomy":"product_cat","embeddable":true,"href":"https:\/\/camisetasebrindesexpress.com.br\/index.php\/wp-json\/wp\/v2\/product_cat?post=2436"},{"taxonomy":"product_tag","embeddable":true,"href":"https:\/\/camisetasebrindesexpress.com.br\/index.php\/wp-json\/wp\/v2\/product_tag?post=2436"}],"curies":[{"name":"wp","href":"https:\/\/api.w.org\/{rel}","templated":true}]}}