{"id":2424,"date":"2024-05-15T16:58:13","date_gmt":"2024-05-15T19:58:13","guid":{"rendered":"https:\/\/camisetasebrindesexpress.com.br\/?post_type=product&#038;p=2424"},"modified":"2024-05-15T16:58:13","modified_gmt":"2024-05-15T19:58:13","slug":"94632-clouds-squeeze-em-ps-e-tampa-em-abs-600-ml","status":"publish","type":"product","link":"https:\/\/camisetasebrindesexpress.com.br\/index.php\/produto\/94632-clouds-squeeze-em-ps-e-tampa-em-abs-600-ml\/","title":{"rendered":"94632 CLOUDS. Squeeze em PS e tampa em ABS 600 mL"},"content":{"rendered":"<p>Squeeze em PS e tampa em ABS com bico &#8220;push-pull&#8221;. Incluso vaporizador, al\u00e7a para facilitar o transporte e capacidade at\u00e9 600 mL. Certifica\u00e7\u00e3o EU Food Grade. Caixa branca 94657 vendida opcionalmente. \u00f866 x 250 mm<\/p>\n","protected":false},"excerpt":{"rendered":"<p>Squeeze em PS e tampa em ABS com bico &#8220;push-pull&#8221;. Incluso vaporizador, al\u00e7a para facilitar o transporte e capacidade at\u00e9 600 mL. Certifica\u00e7\u00e3o EU Food Grade. Caixa branca 94657 vendida opcionalmente. \u00f866 x 250 mm<\/p>\n","protected":false},"featured_media":2430,"comment_status":"open","ping_status":"closed","template":"","meta":{"_joinchat":[]},"product_cat":[24],"product_tag":[],"_links":{"self":[{"href":"https:\/\/camisetasebrindesexpress.com.br\/index.php\/wp-json\/wp\/v2\/product\/2424"}],"collection":[{"href":"https:\/\/camisetasebrindesexpress.com.br\/index.php\/wp-json\/wp\/v2\/product"}],"about":[{"href":"https:\/\/camisetasebrindesexpress.com.br\/index.php\/wp-json\/wp\/v2\/types\/product"}],"replies":[{"embeddable":true,"href":"https:\/\/camisetasebrindesexpress.com.br\/index.php\/wp-json\/wp\/v2\/comments?post=2424"}],"wp:featuredmedia":[{"embeddable":true,"href":"https:\/\/camisetasebrindesexpress.com.br\/index.php\/wp-json\/wp\/v2\/media\/2430"}],"wp:attachment":[{"href":"https:\/\/camisetasebrindesexpress.com.br\/index.php\/wp-json\/wp\/v2\/media?parent=2424"}],"wp:term":[{"taxonomy":"product_cat","embeddable":true,"href":"https:\/\/camisetasebrindesexpress.com.br\/index.php\/wp-json\/wp\/v2\/product_cat?post=2424"},{"taxonomy":"product_tag","embeddable":true,"href":"https:\/\/camisetasebrindesexpress.com.br\/index.php\/wp-json\/wp\/v2\/product_tag?post=2424"}],"curies":[{"name":"wp","href":"https:\/\/api.w.org\/{rel}","templated":true}]}}