{"id":2414,"date":"2024-05-15T16:41:24","date_gmt":"2024-05-15T19:41:24","guid":{"rendered":"https:\/\/camisetasebrindesexpress.com.br\/?post_type=product&#038;p=2414"},"modified":"2024-05-15T16:41:24","modified_gmt":"2024-05-15T19:41:24","slug":"94648-rozier-squeeze-790-ml","status":"publish","type":"product","link":"https:\/\/camisetasebrindesexpress.com.br\/index.php\/produto\/94648-rozier-squeeze-790-ml\/","title":{"rendered":"94648 ROZIER. Squeeze 790 mL"},"content":{"rendered":"<p>Squeeze em Tritan\u2122 com capacidade at\u00e9 790 mL. Certifica\u00e7\u00e3o EU Food Grade. Caixa branca 94657 vendida opcionalmente. \u00f871 x 246 mm<\/p>\n","protected":false},"excerpt":{"rendered":"<p>Squeeze em Tritan\u2122 com capacidade at\u00e9 790 mL. Certifica\u00e7\u00e3o EU Food Grade. Caixa branca 94657 vendida opcionalmente. \u00f871 x 246 mm<\/p>\n","protected":false},"featured_media":2417,"comment_status":"open","ping_status":"closed","template":"","meta":{"_joinchat":[]},"product_cat":[24],"product_tag":[],"_links":{"self":[{"href":"https:\/\/camisetasebrindesexpress.com.br\/index.php\/wp-json\/wp\/v2\/product\/2414"}],"collection":[{"href":"https:\/\/camisetasebrindesexpress.com.br\/index.php\/wp-json\/wp\/v2\/product"}],"about":[{"href":"https:\/\/camisetasebrindesexpress.com.br\/index.php\/wp-json\/wp\/v2\/types\/product"}],"replies":[{"embeddable":true,"href":"https:\/\/camisetasebrindesexpress.com.br\/index.php\/wp-json\/wp\/v2\/comments?post=2414"}],"wp:featuredmedia":[{"embeddable":true,"href":"https:\/\/camisetasebrindesexpress.com.br\/index.php\/wp-json\/wp\/v2\/media\/2417"}],"wp:attachment":[{"href":"https:\/\/camisetasebrindesexpress.com.br\/index.php\/wp-json\/wp\/v2\/media?parent=2414"}],"wp:term":[{"taxonomy":"product_cat","embeddable":true,"href":"https:\/\/camisetasebrindesexpress.com.br\/index.php\/wp-json\/wp\/v2\/product_cat?post=2414"},{"taxonomy":"product_tag","embeddable":true,"href":"https:\/\/camisetasebrindesexpress.com.br\/index.php\/wp-json\/wp\/v2\/product_tag?post=2414"}],"curies":[{"name":"wp","href":"https:\/\/api.w.org\/{rel}","templated":true}]}}