{"id":2398,"date":"2024-05-15T16:38:06","date_gmt":"2024-05-15T19:38:06","guid":{"rendered":"https:\/\/camisetasebrindesexpress.com.br\/?post_type=product&#038;p=2398"},"modified":"2024-05-15T16:38:06","modified_gmt":"2024-05-15T19:38:06","slug":"94062-slater-squeeze-em-aluminio-com-tampa-em-pp-570-ml","status":"publish","type":"product","link":"https:\/\/camisetasebrindesexpress.com.br\/index.php\/produto\/94062-slater-squeeze-em-aluminio-com-tampa-em-pp-570-ml\/","title":{"rendered":"94062 SLATER. Squeeze em alum\u00ednio com tampa em PP 570 mL"},"content":{"rendered":"<p>Squeeze em alum\u00ednio com formato triangular e tampa em PP. Capacidade at\u00e9 570 mL. Certifica\u00e7\u00e3o EU Food Grade. Caixa branca 94654 vendida opcionalmente. \u00f875 x 158 mm<\/p>\n","protected":false},"excerpt":{"rendered":"<p>Squeeze em alum\u00ednio com formato triangular e tampa em PP. Capacidade at\u00e9 570 mL. Certifica\u00e7\u00e3o EU Food Grade. Caixa branca 94654 vendida opcionalmente. \u00f875 x 158 mm<\/p>\n","protected":false},"featured_media":2402,"comment_status":"open","ping_status":"closed","template":"","meta":{"_joinchat":[]},"product_cat":[24],"product_tag":[],"_links":{"self":[{"href":"https:\/\/camisetasebrindesexpress.com.br\/index.php\/wp-json\/wp\/v2\/product\/2398"}],"collection":[{"href":"https:\/\/camisetasebrindesexpress.com.br\/index.php\/wp-json\/wp\/v2\/product"}],"about":[{"href":"https:\/\/camisetasebrindesexpress.com.br\/index.php\/wp-json\/wp\/v2\/types\/product"}],"replies":[{"embeddable":true,"href":"https:\/\/camisetasebrindesexpress.com.br\/index.php\/wp-json\/wp\/v2\/comments?post=2398"}],"wp:featuredmedia":[{"embeddable":true,"href":"https:\/\/camisetasebrindesexpress.com.br\/index.php\/wp-json\/wp\/v2\/media\/2402"}],"wp:attachment":[{"href":"https:\/\/camisetasebrindesexpress.com.br\/index.php\/wp-json\/wp\/v2\/media?parent=2398"}],"wp:term":[{"taxonomy":"product_cat","embeddable":true,"href":"https:\/\/camisetasebrindesexpress.com.br\/index.php\/wp-json\/wp\/v2\/product_cat?post=2398"},{"taxonomy":"product_tag","embeddable":true,"href":"https:\/\/camisetasebrindesexpress.com.br\/index.php\/wp-json\/wp\/v2\/product_tag?post=2398"}],"curies":[{"name":"wp","href":"https:\/\/api.w.org\/{rel}","templated":true}]}}