{"id":2393,"date":"2024-05-15T16:36:50","date_gmt":"2024-05-15T19:36:50","guid":{"rendered":"https:\/\/camisetasebrindesexpress.com.br\/?post_type=product&#038;p=2393"},"modified":"2024-05-15T16:36:51","modified_gmt":"2024-05-15T19:36:51","slug":"94059-rio-squeeze-em-aluminio-com-tampa-em-pp-660-ml","status":"publish","type":"product","link":"https:\/\/camisetasebrindesexpress.com.br\/index.php\/produto\/94059-rio-squeeze-em-aluminio-com-tampa-em-pp-660-ml\/","title":{"rendered":"94059 RIO. Squeeze em alum\u00ednio com tampa em PP 660 mL"},"content":{"rendered":"<p>Squeeze em alum\u00ednio com tampa em PP e tira em silicone para facilitar o transporte. Capacidade at\u00e9 660 mL. Certifica\u00e7\u00e3o EU Food Grade. Caixa branca 94657 vendida opcionalmente. \u00d865 x 228 mm<\/p>\n","protected":false},"excerpt":{"rendered":"<p>Squeeze em alum\u00ednio com tampa em PP e tira em silicone para facilitar o transporte. Capacidade at\u00e9 660 mL. Certifica\u00e7\u00e3o EU Food Grade. Caixa branca 94657 vendida opcionalmente. \u00d865 x 228 mm<\/p>\n","protected":false},"featured_media":2397,"comment_status":"open","ping_status":"closed","template":"","meta":{"_joinchat":[]},"product_cat":[24],"product_tag":[],"_links":{"self":[{"href":"https:\/\/camisetasebrindesexpress.com.br\/index.php\/wp-json\/wp\/v2\/product\/2393"}],"collection":[{"href":"https:\/\/camisetasebrindesexpress.com.br\/index.php\/wp-json\/wp\/v2\/product"}],"about":[{"href":"https:\/\/camisetasebrindesexpress.com.br\/index.php\/wp-json\/wp\/v2\/types\/product"}],"replies":[{"embeddable":true,"href":"https:\/\/camisetasebrindesexpress.com.br\/index.php\/wp-json\/wp\/v2\/comments?post=2393"}],"wp:featuredmedia":[{"embeddable":true,"href":"https:\/\/camisetasebrindesexpress.com.br\/index.php\/wp-json\/wp\/v2\/media\/2397"}],"wp:attachment":[{"href":"https:\/\/camisetasebrindesexpress.com.br\/index.php\/wp-json\/wp\/v2\/media?parent=2393"}],"wp:term":[{"taxonomy":"product_cat","embeddable":true,"href":"https:\/\/camisetasebrindesexpress.com.br\/index.php\/wp-json\/wp\/v2\/product_cat?post=2393"},{"taxonomy":"product_tag","embeddable":true,"href":"https:\/\/camisetasebrindesexpress.com.br\/index.php\/wp-json\/wp\/v2\/product_tag?post=2393"}],"curies":[{"name":"wp","href":"https:\/\/api.w.org\/{rel}","templated":true}]}}