{"id":2385,"date":"2024-05-15T16:33:50","date_gmt":"2024-05-15T19:33:50","guid":{"rendered":"https:\/\/camisetasebrindesexpress.com.br\/?post_type=product&#038;p=2385"},"modified":"2024-05-15T16:33:50","modified_gmt":"2024-05-15T19:33:50","slug":"94772-phelps-copo-termico-de-viagem-em-aco-inox-e-pp-470-ml","status":"publish","type":"product","link":"https:\/\/camisetasebrindesexpress.com.br\/index.php\/produto\/94772-phelps-copo-termico-de-viagem-em-aco-inox-e-pp-470-ml\/","title":{"rendered":"94772 PHELPS. Copo t\u00e9rmico de viagem em a\u00e7o inox e PP 470 mL"},"content":{"rendered":"<p>Copo t\u00e9rmico de viagem em a\u00e7o inox e PP com parede dupla e isolamento a v\u00e1cuo. Acabamento mate e revestimento em p\u00f3 que lhe confere mais durabilidade e resist\u00eancia. Preserva as bebidas quentes por 8h e frias por 24h. Tem capacidade at\u00e9 470ml. Fornecido em caixa. \u00f890 x 150 mm<\/p>\n","protected":false},"excerpt":{"rendered":"<p>Copo t\u00e9rmico de viagem em a\u00e7o inox e PP com parede dupla e isolamento a v\u00e1cuo. Acabamento mate e revestimento em p\u00f3 que lhe confere mais durabilidade e resist\u00eancia. Preserva as bebidas quentes por 8h e frias por 24h. Tem capacidade at\u00e9 470ml. Fornecido em caixa. \u00f890 x 150 mm<\/p>\n","protected":false},"featured_media":2392,"comment_status":"open","ping_status":"closed","template":"","meta":{"_joinchat":[]},"product_cat":[24],"product_tag":[],"_links":{"self":[{"href":"https:\/\/camisetasebrindesexpress.com.br\/index.php\/wp-json\/wp\/v2\/product\/2385"}],"collection":[{"href":"https:\/\/camisetasebrindesexpress.com.br\/index.php\/wp-json\/wp\/v2\/product"}],"about":[{"href":"https:\/\/camisetasebrindesexpress.com.br\/index.php\/wp-json\/wp\/v2\/types\/product"}],"replies":[{"embeddable":true,"href":"https:\/\/camisetasebrindesexpress.com.br\/index.php\/wp-json\/wp\/v2\/comments?post=2385"}],"wp:featuredmedia":[{"embeddable":true,"href":"https:\/\/camisetasebrindesexpress.com.br\/index.php\/wp-json\/wp\/v2\/media\/2392"}],"wp:attachment":[{"href":"https:\/\/camisetasebrindesexpress.com.br\/index.php\/wp-json\/wp\/v2\/media?parent=2385"}],"wp:term":[{"taxonomy":"product_cat","embeddable":true,"href":"https:\/\/camisetasebrindesexpress.com.br\/index.php\/wp-json\/wp\/v2\/product_cat?post=2385"},{"taxonomy":"product_tag","embeddable":true,"href":"https:\/\/camisetasebrindesexpress.com.br\/index.php\/wp-json\/wp\/v2\/product_tag?post=2385"}],"curies":[{"name":"wp","href":"https:\/\/api.w.org\/{rel}","templated":true}]}}