{"id":2381,"date":"2024-05-15T16:31:48","date_gmt":"2024-05-15T19:31:48","guid":{"rendered":"https:\/\/camisetasebrindesexpress.com.br\/?post_type=product&#038;p=2381"},"modified":"2024-05-15T16:31:48","modified_gmt":"2024-05-15T19:31:48","slug":"94676-hassi-copo-termico-de-viagem","status":"publish","type":"product","link":"https:\/\/camisetasebrindesexpress.com.br\/index.php\/produto\/94676-hassi-copo-termico-de-viagem\/","title":{"rendered":"94676 HASSI. Copo t\u00e9rmico de viagem"},"content":{"rendered":"<p>Copo t\u00e9rmico de viagem em a\u00e7o inox e PP com corpo duplo e capacidade at\u00e9 510 mL. Preserva as bebidas quentes por 2 e frias por 4h. Certifica\u00e7\u00e3o EU Food Grade. Fornecida em caixa presente branca. \u00f887 x 151 mm<\/p>\n","protected":false},"excerpt":{"rendered":"<p>Copo t\u00e9rmico de viagem em a\u00e7o inox e PP com corpo duplo e capacidade at\u00e9 510 mL. Preserva as bebidas quentes por 2 e frias por 4h. Certifica\u00e7\u00e3o EU Food Grade. Fornecida em caixa presente branca. \u00f887 x 151 mm<\/p>\n","protected":false},"featured_media":2384,"comment_status":"open","ping_status":"closed","template":"","meta":{"_joinchat":[]},"product_cat":[24],"product_tag":[],"_links":{"self":[{"href":"https:\/\/camisetasebrindesexpress.com.br\/index.php\/wp-json\/wp\/v2\/product\/2381"}],"collection":[{"href":"https:\/\/camisetasebrindesexpress.com.br\/index.php\/wp-json\/wp\/v2\/product"}],"about":[{"href":"https:\/\/camisetasebrindesexpress.com.br\/index.php\/wp-json\/wp\/v2\/types\/product"}],"replies":[{"embeddable":true,"href":"https:\/\/camisetasebrindesexpress.com.br\/index.php\/wp-json\/wp\/v2\/comments?post=2381"}],"wp:featuredmedia":[{"embeddable":true,"href":"https:\/\/camisetasebrindesexpress.com.br\/index.php\/wp-json\/wp\/v2\/media\/2384"}],"wp:attachment":[{"href":"https:\/\/camisetasebrindesexpress.com.br\/index.php\/wp-json\/wp\/v2\/media?parent=2381"}],"wp:term":[{"taxonomy":"product_cat","embeddable":true,"href":"https:\/\/camisetasebrindesexpress.com.br\/index.php\/wp-json\/wp\/v2\/product_cat?post=2381"},{"taxonomy":"product_tag","embeddable":true,"href":"https:\/\/camisetasebrindesexpress.com.br\/index.php\/wp-json\/wp\/v2\/product_tag?post=2381"}],"curies":[{"name":"wp","href":"https:\/\/api.w.org\/{rel}","templated":true}]}}