{"id":2375,"date":"2024-05-15T16:31:19","date_gmt":"2024-05-15T19:31:19","guid":{"rendered":"https:\/\/camisetasebrindesexpress.com.br\/?post_type=product&#038;p=2375"},"modified":"2024-05-15T16:31:19","modified_gmt":"2024-05-15T19:31:19","slug":"94681-monarda-copo-termico-para-viagem-em-aco-inox-e-pp-470-ml","status":"publish","type":"product","link":"https:\/\/camisetasebrindesexpress.com.br\/index.php\/produto\/94681-monarda-copo-termico-para-viagem-em-aco-inox-e-pp-470-ml\/","title":{"rendered":"94681 MONARDA. Copo t\u00e9rmico para viagem em a\u00e7o inox e PP 470 mL"},"content":{"rendered":"<p>Copo t\u00e9rmico de viagem em a\u00e7o inox com corpo duplo, tampa em PP com sistema anti derrame e antideslizante na base. Capacidade at\u00e9 470 mL. Preserva as bebidas quentes por 8h e frias por 24h. Certifica\u00e7\u00e3o EU Food Grade. Fornecido em caixa presente preta. \u00f880 x 198 mm | Caixa: 82 x 202 x 82 mm<\/p>\n","protected":false},"excerpt":{"rendered":"<p>Copo t\u00e9rmico de viagem em a\u00e7o inox com corpo duplo, tampa em PP com sistema anti derrame e antideslizante na base. Capacidade at\u00e9 470 mL. Preserva as bebidas quentes por 8h e frias por 24h. Certifica\u00e7\u00e3o EU Food Grade. Fornecido em caixa presente preta. \u00f880 x 198 mm | Caixa: 82 x 202 x 82 [&hellip;]<\/p>\n","protected":false},"featured_media":2380,"comment_status":"open","ping_status":"closed","template":"","meta":{"_joinchat":[]},"product_cat":[24],"product_tag":[],"_links":{"self":[{"href":"https:\/\/camisetasebrindesexpress.com.br\/index.php\/wp-json\/wp\/v2\/product\/2375"}],"collection":[{"href":"https:\/\/camisetasebrindesexpress.com.br\/index.php\/wp-json\/wp\/v2\/product"}],"about":[{"href":"https:\/\/camisetasebrindesexpress.com.br\/index.php\/wp-json\/wp\/v2\/types\/product"}],"replies":[{"embeddable":true,"href":"https:\/\/camisetasebrindesexpress.com.br\/index.php\/wp-json\/wp\/v2\/comments?post=2375"}],"wp:featuredmedia":[{"embeddable":true,"href":"https:\/\/camisetasebrindesexpress.com.br\/index.php\/wp-json\/wp\/v2\/media\/2380"}],"wp:attachment":[{"href":"https:\/\/camisetasebrindesexpress.com.br\/index.php\/wp-json\/wp\/v2\/media?parent=2375"}],"wp:term":[{"taxonomy":"product_cat","embeddable":true,"href":"https:\/\/camisetasebrindesexpress.com.br\/index.php\/wp-json\/wp\/v2\/product_cat?post=2375"},{"taxonomy":"product_tag","embeddable":true,"href":"https:\/\/camisetasebrindesexpress.com.br\/index.php\/wp-json\/wp\/v2\/product_tag?post=2375"}],"curies":[{"name":"wp","href":"https:\/\/api.w.org\/{rel}","templated":true}]}}