{"id":2369,"date":"2024-05-15T16:30:27","date_gmt":"2024-05-15T19:30:27","guid":{"rendered":"https:\/\/camisetasebrindesexpress.com.br\/?post_type=product&#038;p=2369"},"modified":"2024-05-15T16:30:27","modified_gmt":"2024-05-15T19:30:27","slug":"94677-ronde-copo-termico-de-viagem-em-aco-inox-400-ml","status":"publish","type":"product","link":"https:\/\/camisetasebrindesexpress.com.br\/index.php\/produto\/94677-ronde-copo-termico-de-viagem-em-aco-inox-400-ml\/","title":{"rendered":"94677 RONDE. Copo t\u00e9rmico de viagem em a\u00e7o inox 400 mL"},"content":{"rendered":"<p>Copo t\u00e9rmico de viagem em a\u00e7o inox com corpo duplo isolado a v\u00e1cuo e tampa deslizante. Capacidade at\u00e9 400 mL. Preserva as bebidas quentes por 6h e frias por 12h. Certifica\u00e7\u00e3o EU Food Grade. Fornecida em caixa. 88 x 112 mm<\/p>\n","protected":false},"excerpt":{"rendered":"<p>Copo t\u00e9rmico de viagem em a\u00e7o inox com corpo duplo isolado a v\u00e1cuo e tampa deslizante. Capacidade at\u00e9 400 mL. Preserva as bebidas quentes por 6h e frias por 12h. Certifica\u00e7\u00e3o EU Food Grade. Fornecida em caixa. 88 x 112 mm<\/p>\n","protected":false},"featured_media":2374,"comment_status":"open","ping_status":"closed","template":"","meta":{"_joinchat":[]},"product_cat":[24],"product_tag":[],"_links":{"self":[{"href":"https:\/\/camisetasebrindesexpress.com.br\/index.php\/wp-json\/wp\/v2\/product\/2369"}],"collection":[{"href":"https:\/\/camisetasebrindesexpress.com.br\/index.php\/wp-json\/wp\/v2\/product"}],"about":[{"href":"https:\/\/camisetasebrindesexpress.com.br\/index.php\/wp-json\/wp\/v2\/types\/product"}],"replies":[{"embeddable":true,"href":"https:\/\/camisetasebrindesexpress.com.br\/index.php\/wp-json\/wp\/v2\/comments?post=2369"}],"wp:featuredmedia":[{"embeddable":true,"href":"https:\/\/camisetasebrindesexpress.com.br\/index.php\/wp-json\/wp\/v2\/media\/2374"}],"wp:attachment":[{"href":"https:\/\/camisetasebrindesexpress.com.br\/index.php\/wp-json\/wp\/v2\/media?parent=2369"}],"wp:term":[{"taxonomy":"product_cat","embeddable":true,"href":"https:\/\/camisetasebrindesexpress.com.br\/index.php\/wp-json\/wp\/v2\/product_cat?post=2369"},{"taxonomy":"product_tag","embeddable":true,"href":"https:\/\/camisetasebrindesexpress.com.br\/index.php\/wp-json\/wp\/v2\/product_tag?post=2369"}],"curies":[{"name":"wp","href":"https:\/\/api.w.org\/{rel}","templated":true}]}}