{"id":2363,"date":"2024-05-15T16:28:53","date_gmt":"2024-05-15T19:28:53","guid":{"rendered":"https:\/\/camisetasebrindesexpress.com.br\/?post_type=product&#038;p=2363"},"modified":"2024-05-15T16:28:53","modified_gmt":"2024-05-15T19:28:53","slug":"94267-halpert-copo-termico-de-viagem","status":"publish","type":"product","link":"https:\/\/camisetasebrindesexpress.com.br\/index.php\/produto\/94267-halpert-copo-termico-de-viagem\/","title":{"rendered":"94267 HALPERT. Copo t\u00e9rmico de viagem"},"content":{"rendered":"<p>Copo de viagem t\u00e9rmico em a\u00e7o inox com parede dupla isolada a v\u00e1cuo. Ideal para preservar as suas bebidas frias ou quentes. Capacidade at\u00e9 540 mL. Fornecido em caixa presente em kraft. \u00f885 x 154 mm<\/p>\n","protected":false},"excerpt":{"rendered":"<p>Copo de viagem t\u00e9rmico em a\u00e7o inox com parede dupla isolada a v\u00e1cuo. Ideal para preservar as suas bebidas frias ou quentes. Capacidade at\u00e9 540 mL. Fornecido em caixa presente em kraft. \u00f885 x 154 mm<\/p>\n","protected":false},"featured_media":2368,"comment_status":"open","ping_status":"closed","template":"","meta":{"_joinchat":[]},"product_cat":[24],"product_tag":[],"_links":{"self":[{"href":"https:\/\/camisetasebrindesexpress.com.br\/index.php\/wp-json\/wp\/v2\/product\/2363"}],"collection":[{"href":"https:\/\/camisetasebrindesexpress.com.br\/index.php\/wp-json\/wp\/v2\/product"}],"about":[{"href":"https:\/\/camisetasebrindesexpress.com.br\/index.php\/wp-json\/wp\/v2\/types\/product"}],"replies":[{"embeddable":true,"href":"https:\/\/camisetasebrindesexpress.com.br\/index.php\/wp-json\/wp\/v2\/comments?post=2363"}],"wp:featuredmedia":[{"embeddable":true,"href":"https:\/\/camisetasebrindesexpress.com.br\/index.php\/wp-json\/wp\/v2\/media\/2368"}],"wp:attachment":[{"href":"https:\/\/camisetasebrindesexpress.com.br\/index.php\/wp-json\/wp\/v2\/media?parent=2363"}],"wp:term":[{"taxonomy":"product_cat","embeddable":true,"href":"https:\/\/camisetasebrindesexpress.com.br\/index.php\/wp-json\/wp\/v2\/product_cat?post=2363"},{"taxonomy":"product_tag","embeddable":true,"href":"https:\/\/camisetasebrindesexpress.com.br\/index.php\/wp-json\/wp\/v2\/product_tag?post=2363"}],"curies":[{"name":"wp","href":"https:\/\/api.w.org\/{rel}","templated":true}]}}