{"id":2357,"date":"2024-05-15T16:26:59","date_gmt":"2024-05-15T19:26:59","guid":{"rendered":"https:\/\/camisetasebrindesexpress.com.br\/?post_type=product&#038;p=2357"},"modified":"2024-05-15T16:27:38","modified_gmt":"2024-05-15T19:27:38","slug":"94242-slider-copo-de-viagem-em-aco-inox-380-ml","status":"publish","type":"product","link":"https:\/\/camisetasebrindesexpress.com.br\/index.php\/produto\/94242-slider-copo-de-viagem-em-aco-inox-380-ml\/","title":{"rendered":"94242 SLIDER. Copo de viagem em a\u00e7o inox 380 mL"},"content":{"rendered":"<p>Copo de viagem para sublima\u00e7\u00e3o com parede dupla em a\u00e7o inox. Inclui tampa transparente com abertura deslizante. Capacidade at\u00e9 380ml. Preserva as bebidas quentes por 6h e frias por 12h. Certifica\u00e7\u00e3o EU Food Grade. Fornecido em caixa. \u00f877 x 120 mm<\/p>\n","protected":false},"excerpt":{"rendered":"<p>Copo de viagem para sublima\u00e7\u00e3o com parede dupla em a\u00e7o inox. Inclui tampa transparente com abertura deslizante. Capacidade at\u00e9 380ml. Preserva as bebidas quentes por 6h e frias por 12h. Certifica\u00e7\u00e3o EU Food Grade. Fornecido em caixa. \u00f877 x 120 mm<\/p>\n","protected":false},"featured_media":2362,"comment_status":"open","ping_status":"closed","template":"","meta":{"_joinchat":[]},"product_cat":[24],"product_tag":[],"_links":{"self":[{"href":"https:\/\/camisetasebrindesexpress.com.br\/index.php\/wp-json\/wp\/v2\/product\/2357"}],"collection":[{"href":"https:\/\/camisetasebrindesexpress.com.br\/index.php\/wp-json\/wp\/v2\/product"}],"about":[{"href":"https:\/\/camisetasebrindesexpress.com.br\/index.php\/wp-json\/wp\/v2\/types\/product"}],"replies":[{"embeddable":true,"href":"https:\/\/camisetasebrindesexpress.com.br\/index.php\/wp-json\/wp\/v2\/comments?post=2357"}],"wp:featuredmedia":[{"embeddable":true,"href":"https:\/\/camisetasebrindesexpress.com.br\/index.php\/wp-json\/wp\/v2\/media\/2362"}],"wp:attachment":[{"href":"https:\/\/camisetasebrindesexpress.com.br\/index.php\/wp-json\/wp\/v2\/media?parent=2357"}],"wp:term":[{"taxonomy":"product_cat","embeddable":true,"href":"https:\/\/camisetasebrindesexpress.com.br\/index.php\/wp-json\/wp\/v2\/product_cat?post=2357"},{"taxonomy":"product_tag","embeddable":true,"href":"https:\/\/camisetasebrindesexpress.com.br\/index.php\/wp-json\/wp\/v2\/product_tag?post=2357"}],"curies":[{"name":"wp","href":"https:\/\/api.w.org\/{rel}","templated":true}]}}