{"id":2352,"date":"2024-05-15T16:25:30","date_gmt":"2024-05-15T19:25:30","guid":{"rendered":"https:\/\/camisetasebrindesexpress.com.br\/?post_type=product&#038;p=2352"},"modified":"2024-05-15T16:25:30","modified_gmt":"2024-05-15T19:25:30","slug":"54957-billy-ii-squeeze-para-sublimacao-em-aluminio-com-tampa-em-aco-inox-500-ml","status":"publish","type":"product","link":"https:\/\/camisetasebrindesexpress.com.br\/index.php\/produto\/54957-billy-ii-squeeze-para-sublimacao-em-aluminio-com-tampa-em-aco-inox-500-ml\/","title":{"rendered":"54957 BILLY II. Squeeze para sublima\u00e7\u00e3o em alum\u00ednio com tampa em a\u00e7o inox 500 mL"},"content":{"rendered":"<p>Squeeze para sublima\u00e7\u00e3o em alum\u00ednio com tampa em a\u00e7o inox. Capacidade at\u00e9 500 mL. Caixa branca 94657 vendida opcionalmente. \u00f867 x 205 mm<\/p>\n","protected":false},"excerpt":{"rendered":"<p>Squeeze para sublima\u00e7\u00e3o em alum\u00ednio com tampa em a\u00e7o inox. Capacidade at\u00e9 500 mL. Caixa branca 94657 vendida opcionalmente. \u00f867 x 205 mm<\/p>\n","protected":false},"featured_media":2356,"comment_status":"open","ping_status":"closed","template":"","meta":{"_joinchat":[]},"product_cat":[24],"product_tag":[],"_links":{"self":[{"href":"https:\/\/camisetasebrindesexpress.com.br\/index.php\/wp-json\/wp\/v2\/product\/2352"}],"collection":[{"href":"https:\/\/camisetasebrindesexpress.com.br\/index.php\/wp-json\/wp\/v2\/product"}],"about":[{"href":"https:\/\/camisetasebrindesexpress.com.br\/index.php\/wp-json\/wp\/v2\/types\/product"}],"replies":[{"embeddable":true,"href":"https:\/\/camisetasebrindesexpress.com.br\/index.php\/wp-json\/wp\/v2\/comments?post=2352"}],"wp:featuredmedia":[{"embeddable":true,"href":"https:\/\/camisetasebrindesexpress.com.br\/index.php\/wp-json\/wp\/v2\/media\/2356"}],"wp:attachment":[{"href":"https:\/\/camisetasebrindesexpress.com.br\/index.php\/wp-json\/wp\/v2\/media?parent=2352"}],"wp:term":[{"taxonomy":"product_cat","embeddable":true,"href":"https:\/\/camisetasebrindesexpress.com.br\/index.php\/wp-json\/wp\/v2\/product_cat?post=2352"},{"taxonomy":"product_tag","embeddable":true,"href":"https:\/\/camisetasebrindesexpress.com.br\/index.php\/wp-json\/wp\/v2\/product_tag?post=2352"}],"curies":[{"name":"wp","href":"https:\/\/api.w.org\/{rel}","templated":true}]}}