{"id":2344,"date":"2024-05-15T16:24:07","date_gmt":"2024-05-15T19:24:07","guid":{"rendered":"https:\/\/camisetasebrindesexpress.com.br\/?post_type=product&#038;p=2344"},"modified":"2024-05-15T16:24:07","modified_gmt":"2024-05-15T19:24:07","slug":"94069-rossi-termo-termico-450-ml","status":"publish","type":"product","link":"https:\/\/camisetasebrindesexpress.com.br\/index.php\/produto\/94069-rossi-termo-termico-450-ml\/","title":{"rendered":"94069 ROSSI. Termo t\u00e9rmico 450 mL"},"content":{"rendered":"<p>Squeeze t\u00e9rmico em a\u00e7o inox com parede dupla isolada a v\u00e1cuo e tampa com term\u00f3metro digital. Inclui infusor para ch\u00e1. Mant\u00e9m as bebidas quentes por 8 h e frias por 24 h e tem capacidade at\u00e9 470 mL. Certifica\u00e7\u00e3o EU Food Grade. Fornecido em caixa. \u00f865 x 229 mm<\/p>\n","protected":false},"excerpt":{"rendered":"<p>Squeeze t\u00e9rmico em a\u00e7o inox com parede dupla isolada a v\u00e1cuo e tampa com term\u00f3metro digital. Inclui infusor para ch\u00e1. Mant\u00e9m as bebidas quentes por 8 h e frias por 24 h e tem capacidade at\u00e9 470 mL. Certifica\u00e7\u00e3o EU Food Grade. Fornecido em caixa. \u00f865 x 229 mm<\/p>\n","protected":false},"featured_media":2351,"comment_status":"open","ping_status":"closed","template":"","meta":{"_joinchat":[]},"product_cat":[24],"product_tag":[],"_links":{"self":[{"href":"https:\/\/camisetasebrindesexpress.com.br\/index.php\/wp-json\/wp\/v2\/product\/2344"}],"collection":[{"href":"https:\/\/camisetasebrindesexpress.com.br\/index.php\/wp-json\/wp\/v2\/product"}],"about":[{"href":"https:\/\/camisetasebrindesexpress.com.br\/index.php\/wp-json\/wp\/v2\/types\/product"}],"replies":[{"embeddable":true,"href":"https:\/\/camisetasebrindesexpress.com.br\/index.php\/wp-json\/wp\/v2\/comments?post=2344"}],"wp:featuredmedia":[{"embeddable":true,"href":"https:\/\/camisetasebrindesexpress.com.br\/index.php\/wp-json\/wp\/v2\/media\/2351"}],"wp:attachment":[{"href":"https:\/\/camisetasebrindesexpress.com.br\/index.php\/wp-json\/wp\/v2\/media?parent=2344"}],"wp:term":[{"taxonomy":"product_cat","embeddable":true,"href":"https:\/\/camisetasebrindesexpress.com.br\/index.php\/wp-json\/wp\/v2\/product_cat?post=2344"},{"taxonomy":"product_tag","embeddable":true,"href":"https:\/\/camisetasebrindesexpress.com.br\/index.php\/wp-json\/wp\/v2\/product_tag?post=2344"}],"curies":[{"name":"wp","href":"https:\/\/api.w.org\/{rel}","templated":true}]}}