{"id":2333,"date":"2024-05-15T16:20:46","date_gmt":"2024-05-15T19:20:46","guid":{"rendered":"https:\/\/camisetasebrindesexpress.com.br\/?post_type=product&#038;p=2333"},"modified":"2024-05-15T16:20:46","modified_gmt":"2024-05-15T19:20:46","slug":"94679-liter-squeeze-termico-em-aco-inox-1-l","status":"publish","type":"product","link":"https:\/\/camisetasebrindesexpress.com.br\/index.php\/produto\/94679-liter-squeeze-termico-em-aco-inox-1-l\/","title":{"rendered":"94679 LITER. Squeeze t\u00e9rmico em a\u00e7o inox 1 L"},"content":{"rendered":"<div class=\"texto\">Garrafa t\u00e9rmica em a\u00e7o inox com parede dupla isolada a v\u00e1cuo. Capacidade at\u00e9 1L. Preserva as bebidas quentes por 12h e frias por 24h. Certifica\u00e7\u00e3o EU Food Grade. Fornecida em caixa. \u00f882 x 330 mm<\/div>\n","protected":false},"excerpt":{"rendered":"<p>Garrafa t\u00e9rmica em a\u00e7o inox com parede dupla isolada a v\u00e1cuo. Capacidade at\u00e9 1L. Preserva as bebidas quentes por 12h e frias por 24h. Certifica\u00e7\u00e3o EU Food Grade. Fornecida em caixa. \u00f882 x 330 mm<\/p>\n","protected":false},"featured_media":2336,"comment_status":"open","ping_status":"closed","template":"","meta":{"_joinchat":[]},"product_cat":[24],"product_tag":[],"_links":{"self":[{"href":"https:\/\/camisetasebrindesexpress.com.br\/index.php\/wp-json\/wp\/v2\/product\/2333"}],"collection":[{"href":"https:\/\/camisetasebrindesexpress.com.br\/index.php\/wp-json\/wp\/v2\/product"}],"about":[{"href":"https:\/\/camisetasebrindesexpress.com.br\/index.php\/wp-json\/wp\/v2\/types\/product"}],"replies":[{"embeddable":true,"href":"https:\/\/camisetasebrindesexpress.com.br\/index.php\/wp-json\/wp\/v2\/comments?post=2333"}],"wp:featuredmedia":[{"embeddable":true,"href":"https:\/\/camisetasebrindesexpress.com.br\/index.php\/wp-json\/wp\/v2\/media\/2336"}],"wp:attachment":[{"href":"https:\/\/camisetasebrindesexpress.com.br\/index.php\/wp-json\/wp\/v2\/media?parent=2333"}],"wp:term":[{"taxonomy":"product_cat","embeddable":true,"href":"https:\/\/camisetasebrindesexpress.com.br\/index.php\/wp-json\/wp\/v2\/product_cat?post=2333"},{"taxonomy":"product_tag","embeddable":true,"href":"https:\/\/camisetasebrindesexpress.com.br\/index.php\/wp-json\/wp\/v2\/product_tag?post=2333"}],"curies":[{"name":"wp","href":"https:\/\/api.w.org\/{rel}","templated":true}]}}