{"id":2327,"date":"2024-05-15T16:19:47","date_gmt":"2024-05-15T19:19:47","guid":{"rendered":"https:\/\/camisetasebrindesexpress.com.br\/?post_type=product&#038;p=2327"},"modified":"2024-05-15T16:19:47","modified_gmt":"2024-05-15T19:19:47","slug":"94316-norton-squeeze-termico-em-aco-inox-570-ml","status":"publish","type":"product","link":"https:\/\/camisetasebrindesexpress.com.br\/index.php\/produto\/94316-norton-squeeze-termico-em-aco-inox-570-ml\/","title":{"rendered":"94316 NORTON. Squeeze t\u00e9rmico em a\u00e7o inox 570 mL"},"content":{"rendered":"<p>Garrafa t\u00e9rmica em a\u00e7o inox com parede dupla isolada a v\u00e1cuo e tampa com boquilha de palhinha em PP. Capacidade at\u00e9 570ml. Fornecido em caixa presente de papel kraft. \u00d858 x 240 mm<\/p>\n","protected":false},"excerpt":{"rendered":"<p>Garrafa t\u00e9rmica em a\u00e7o inox com parede dupla isolada a v\u00e1cuo e tampa com boquilha de palhinha em PP. Capacidade at\u00e9 570ml. Fornecido em caixa presente de papel kraft. \u00d858 x 240 mm<\/p>\n","protected":false},"featured_media":2332,"comment_status":"open","ping_status":"closed","template":"","meta":{"_joinchat":[]},"product_cat":[24],"product_tag":[],"_links":{"self":[{"href":"https:\/\/camisetasebrindesexpress.com.br\/index.php\/wp-json\/wp\/v2\/product\/2327"}],"collection":[{"href":"https:\/\/camisetasebrindesexpress.com.br\/index.php\/wp-json\/wp\/v2\/product"}],"about":[{"href":"https:\/\/camisetasebrindesexpress.com.br\/index.php\/wp-json\/wp\/v2\/types\/product"}],"replies":[{"embeddable":true,"href":"https:\/\/camisetasebrindesexpress.com.br\/index.php\/wp-json\/wp\/v2\/comments?post=2327"}],"wp:featuredmedia":[{"embeddable":true,"href":"https:\/\/camisetasebrindesexpress.com.br\/index.php\/wp-json\/wp\/v2\/media\/2332"}],"wp:attachment":[{"href":"https:\/\/camisetasebrindesexpress.com.br\/index.php\/wp-json\/wp\/v2\/media?parent=2327"}],"wp:term":[{"taxonomy":"product_cat","embeddable":true,"href":"https:\/\/camisetasebrindesexpress.com.br\/index.php\/wp-json\/wp\/v2\/product_cat?post=2327"},{"taxonomy":"product_tag","embeddable":true,"href":"https:\/\/camisetasebrindesexpress.com.br\/index.php\/wp-json\/wp\/v2\/product_tag?post=2327"}],"curies":[{"name":"wp","href":"https:\/\/api.w.org\/{rel}","templated":true}]}}