{"id":2311,"date":"2024-05-15T16:17:38","date_gmt":"2024-05-15T19:17:38","guid":{"rendered":"https:\/\/camisetasebrindesexpress.com.br\/?post_type=product&#038;p=2311"},"modified":"2024-05-15T16:17:38","modified_gmt":"2024-05-15T19:17:38","slug":"94078-buffon-garrafa-termica-em-aco-inox-500-ml","status":"publish","type":"product","link":"https:\/\/camisetasebrindesexpress.com.br\/index.php\/produto\/94078-buffon-garrafa-termica-em-aco-inox-500-ml\/","title":{"rendered":"94078 BUFFON. Garrafa t\u00e9rmica em a\u00e7o inox 500 mL"},"content":{"rendered":"<p>Squeeze t\u00e9rmica em a\u00e7o inox com parede dupla e tampa com sistema de v\u00e1cuo. Capacidade at\u00e9 500 mL. Mant\u00e9m as bebidas quentes por 8h e frias por 24h. Certifica\u00e7\u00e3o EU Food Grade. Fornecido em caixa branca. \u00f867 x 255 mm | Caixa: 75 x 75 x 275 mm<\/p>\n","protected":false},"excerpt":{"rendered":"<p>Squeeze t\u00e9rmica em a\u00e7o inox com parede dupla e tampa com sistema de v\u00e1cuo. Capacidade at\u00e9 500 mL. Mant\u00e9m as bebidas quentes por 8h e frias por 24h. Certifica\u00e7\u00e3o EU Food Grade. Fornecido em caixa branca. \u00f867 x 255 mm | Caixa: 75 x 75 x 275 mm<\/p>\n","protected":false},"featured_media":2316,"comment_status":"open","ping_status":"closed","template":"","meta":{"_joinchat":[]},"product_cat":[24],"product_tag":[],"_links":{"self":[{"href":"https:\/\/camisetasebrindesexpress.com.br\/index.php\/wp-json\/wp\/v2\/product\/2311"}],"collection":[{"href":"https:\/\/camisetasebrindesexpress.com.br\/index.php\/wp-json\/wp\/v2\/product"}],"about":[{"href":"https:\/\/camisetasebrindesexpress.com.br\/index.php\/wp-json\/wp\/v2\/types\/product"}],"replies":[{"embeddable":true,"href":"https:\/\/camisetasebrindesexpress.com.br\/index.php\/wp-json\/wp\/v2\/comments?post=2311"}],"wp:featuredmedia":[{"embeddable":true,"href":"https:\/\/camisetasebrindesexpress.com.br\/index.php\/wp-json\/wp\/v2\/media\/2316"}],"wp:attachment":[{"href":"https:\/\/camisetasebrindesexpress.com.br\/index.php\/wp-json\/wp\/v2\/media?parent=2311"}],"wp:term":[{"taxonomy":"product_cat","embeddable":true,"href":"https:\/\/camisetasebrindesexpress.com.br\/index.php\/wp-json\/wp\/v2\/product_cat?post=2311"},{"taxonomy":"product_tag","embeddable":true,"href":"https:\/\/camisetasebrindesexpress.com.br\/index.php\/wp-json\/wp\/v2\/product_tag?post=2311"}],"curies":[{"name":"wp","href":"https:\/\/api.w.org\/{rel}","templated":true}]}}