{"id":2303,"date":"2024-05-15T16:15:49","date_gmt":"2024-05-15T19:15:49","guid":{"rendered":"https:\/\/camisetasebrindesexpress.com.br\/?post_type=product&#038;p=2303"},"modified":"2024-05-15T16:15:49","modified_gmt":"2024-05-15T19:15:49","slug":"94771-show-satin-squeeze-termico-em-aco-inox-540-ml","status":"publish","type":"product","link":"https:\/\/camisetasebrindesexpress.com.br\/index.php\/produto\/94771-show-satin-squeeze-termico-em-aco-inox-540-ml\/","title":{"rendered":"94771 SHOW SATIN. Squeeze t\u00e9rmico em a\u00e7o inox 540 mL"},"content":{"rendered":"<p>Squeeze t\u00e9rmico em a\u00e7o inox com parede dupla isolada a v\u00e1cuo, capacidade at\u00e9 540 mL e tampa \u00e0 prova de fugas. Certifica\u00e7\u00e3o EU Food Grade. Preserva as bebidas quentes por 8h e frias por 24h. Fornecido em caixa de oferta branca. \u00f871 x 255 mm<\/p>\n","protected":false},"excerpt":{"rendered":"<p>Squeeze t\u00e9rmico em a\u00e7o inox com parede dupla isolada a v\u00e1cuo, capacidade at\u00e9 540 mL e tampa \u00e0 prova de fugas. Certifica\u00e7\u00e3o EU Food Grade. Preserva as bebidas quentes por 8h e frias por 24h. Fornecido em caixa de oferta branca. \u00f871 x 255 mm<\/p>\n","protected":false},"featured_media":2310,"comment_status":"open","ping_status":"closed","template":"","meta":{"_joinchat":[]},"product_cat":[24],"product_tag":[],"_links":{"self":[{"href":"https:\/\/camisetasebrindesexpress.com.br\/index.php\/wp-json\/wp\/v2\/product\/2303"}],"collection":[{"href":"https:\/\/camisetasebrindesexpress.com.br\/index.php\/wp-json\/wp\/v2\/product"}],"about":[{"href":"https:\/\/camisetasebrindesexpress.com.br\/index.php\/wp-json\/wp\/v2\/types\/product"}],"replies":[{"embeddable":true,"href":"https:\/\/camisetasebrindesexpress.com.br\/index.php\/wp-json\/wp\/v2\/comments?post=2303"}],"wp:featuredmedia":[{"embeddable":true,"href":"https:\/\/camisetasebrindesexpress.com.br\/index.php\/wp-json\/wp\/v2\/media\/2310"}],"wp:attachment":[{"href":"https:\/\/camisetasebrindesexpress.com.br\/index.php\/wp-json\/wp\/v2\/media?parent=2303"}],"wp:term":[{"taxonomy":"product_cat","embeddable":true,"href":"https:\/\/camisetasebrindesexpress.com.br\/index.php\/wp-json\/wp\/v2\/product_cat?post=2303"},{"taxonomy":"product_tag","embeddable":true,"href":"https:\/\/camisetasebrindesexpress.com.br\/index.php\/wp-json\/wp\/v2\/product_tag?post=2303"}],"curies":[{"name":"wp","href":"https:\/\/api.w.org\/{rel}","templated":true}]}}