{"id":2294,"date":"2024-05-15T16:11:45","date_gmt":"2024-05-15T19:11:45","guid":{"rendered":"https:\/\/camisetasebrindesexpress.com.br\/?post_type=product&#038;p=2294"},"modified":"2024-05-15T16:11:45","modified_gmt":"2024-05-15T19:11:45","slug":"94661-norre-tumbler-copo-termico-em-aco-inox-370-ml","status":"publish","type":"product","link":"https:\/\/camisetasebrindesexpress.com.br\/index.php\/produto\/94661-norre-tumbler-copo-termico-em-aco-inox-370-ml\/","title":{"rendered":"94661 NORRE TUMBLER. Copo t\u00e9rmico em a\u00e7o inox 370 mL"},"content":{"rendered":"<p>Copo t\u00e9rmico em a\u00e7o inox com parede dupla isolada a v\u00e1cuo, parede interna revestida de cobre e tampa em bambu com vedante de silicone para prote\u00e7\u00e3o extra. capacidade at\u00e9 370 mL e mant\u00e9m as bebidas quentes por 5 h e frias por 24 h. Cont\u00e9m revestimento em p\u00f3 que lhe confere mais durabilidade e resist\u00eancia. Certifica\u00e7\u00e3o EU Food Grade. Fornecido em caixa presente de papel kraft. \u00f880 x 106 mm<\/p>\n","protected":false},"excerpt":{"rendered":"<p>Copo t\u00e9rmico em a\u00e7o inox com parede dupla isolada a v\u00e1cuo, parede interna revestida de cobre e tampa em bambu com vedante de silicone para prote\u00e7\u00e3o extra. capacidade at\u00e9 370 mL e mant\u00e9m as bebidas quentes por 5 h e frias por 24 h. Cont\u00e9m revestimento em p\u00f3 que lhe confere mais durabilidade e resist\u00eancia. [&hellip;]<\/p>\n","protected":false},"featured_media":2302,"comment_status":"open","ping_status":"closed","template":"","meta":{"_joinchat":[]},"product_cat":[24],"product_tag":[],"_links":{"self":[{"href":"https:\/\/camisetasebrindesexpress.com.br\/index.php\/wp-json\/wp\/v2\/product\/2294"}],"collection":[{"href":"https:\/\/camisetasebrindesexpress.com.br\/index.php\/wp-json\/wp\/v2\/product"}],"about":[{"href":"https:\/\/camisetasebrindesexpress.com.br\/index.php\/wp-json\/wp\/v2\/types\/product"}],"replies":[{"embeddable":true,"href":"https:\/\/camisetasebrindesexpress.com.br\/index.php\/wp-json\/wp\/v2\/comments?post=2294"}],"wp:featuredmedia":[{"embeddable":true,"href":"https:\/\/camisetasebrindesexpress.com.br\/index.php\/wp-json\/wp\/v2\/media\/2302"}],"wp:attachment":[{"href":"https:\/\/camisetasebrindesexpress.com.br\/index.php\/wp-json\/wp\/v2\/media?parent=2294"}],"wp:term":[{"taxonomy":"product_cat","embeddable":true,"href":"https:\/\/camisetasebrindesexpress.com.br\/index.php\/wp-json\/wp\/v2\/product_cat?post=2294"},{"taxonomy":"product_tag","embeddable":true,"href":"https:\/\/camisetasebrindesexpress.com.br\/index.php\/wp-json\/wp\/v2\/product_tag?post=2294"}],"curies":[{"name":"wp","href":"https:\/\/api.w.org\/{rel}","templated":true}]}}