{"id":2287,"date":"2024-05-15T16:10:37","date_gmt":"2024-05-15T19:10:37","guid":{"rendered":"https:\/\/camisetasebrindesexpress.com.br\/?post_type=product&#038;p=2287"},"modified":"2024-05-15T16:10:37","modified_gmt":"2024-05-15T19:10:37","slug":"94662-norre-bottle-squeeze-termico-em-aco-inox-640-ml","status":"publish","type":"product","link":"https:\/\/camisetasebrindesexpress.com.br\/index.php\/produto\/94662-norre-bottle-squeeze-termico-em-aco-inox-640-ml\/","title":{"rendered":"94662 NORRE BOTTLE. Squeeze t\u00e9rmico em a\u00e7o inox 640 mL"},"content":{"rendered":"<p>Squeeze t\u00e9rmico em a\u00e7o inox com parede dupla isolada a v\u00e1cuo, parede interna revestida de cobre e tampa em bambu com vedante de silicone para prote\u00e7\u00e3o extra. Tem capacidade at\u00e9 640 mL e mant\u00e9m as bebidas quentes por 16 h e frias por 48 h. Cont\u00e9m revestimento em p\u00f3 que lhe confere mais durabilidade e resist\u00eancia. Certifica\u00e7\u00e3o EU Food Grade. Fornecido em caixa presente de papel kraft. \u00f872 x 233 mm<\/p>\n","protected":false},"excerpt":{"rendered":"<p>Squeeze t\u00e9rmico em a\u00e7o inox com parede dupla isolada a v\u00e1cuo, parede interna revestida de cobre e tampa em bambu com vedante de silicone para prote\u00e7\u00e3o extra. Tem capacidade at\u00e9 640 mL e mant\u00e9m as bebidas quentes por 16 h e frias por 48 h. Cont\u00e9m revestimento em p\u00f3 que lhe confere mais durabilidade e [&hellip;]<\/p>\n","protected":false},"featured_media":2293,"comment_status":"open","ping_status":"closed","template":"","meta":{"_joinchat":[]},"product_cat":[24],"product_tag":[],"_links":{"self":[{"href":"https:\/\/camisetasebrindesexpress.com.br\/index.php\/wp-json\/wp\/v2\/product\/2287"}],"collection":[{"href":"https:\/\/camisetasebrindesexpress.com.br\/index.php\/wp-json\/wp\/v2\/product"}],"about":[{"href":"https:\/\/camisetasebrindesexpress.com.br\/index.php\/wp-json\/wp\/v2\/types\/product"}],"replies":[{"embeddable":true,"href":"https:\/\/camisetasebrindesexpress.com.br\/index.php\/wp-json\/wp\/v2\/comments?post=2287"}],"wp:featuredmedia":[{"embeddable":true,"href":"https:\/\/camisetasebrindesexpress.com.br\/index.php\/wp-json\/wp\/v2\/media\/2293"}],"wp:attachment":[{"href":"https:\/\/camisetasebrindesexpress.com.br\/index.php\/wp-json\/wp\/v2\/media?parent=2287"}],"wp:term":[{"taxonomy":"product_cat","embeddable":true,"href":"https:\/\/camisetasebrindesexpress.com.br\/index.php\/wp-json\/wp\/v2\/product_cat?post=2287"},{"taxonomy":"product_tag","embeddable":true,"href":"https:\/\/camisetasebrindesexpress.com.br\/index.php\/wp-json\/wp\/v2\/product_tag?post=2287"}],"curies":[{"name":"wp","href":"https:\/\/api.w.org\/{rel}","templated":true}]}}