{"id":2280,"date":"2024-05-15T16:09:19","date_gmt":"2024-05-15T19:09:19","guid":{"rendered":"https:\/\/camisetasebrindesexpress.com.br\/?post_type=product&#038;p=2280"},"modified":"2024-05-15T16:09:19","modified_gmt":"2024-05-15T19:09:19","slug":"94603-odin-squeeze-termico-em-aco-inox-550-ml","status":"publish","type":"product","link":"https:\/\/camisetasebrindesexpress.com.br\/index.php\/produto\/94603-odin-squeeze-termico-em-aco-inox-550-ml\/","title":{"rendered":"94603 ODIN. Squeeze t\u00e9rmico em a\u00e7o inox 550 mL"},"content":{"rendered":"<p>Squeeze t\u00e9rmico em a\u00e7o inox com acabamento em borracha, parede dupla isolada a v\u00e1cuo e capacidade at\u00e9 550 mL. Preserva as bebidas quentes por 8 horas e as bebidas frias por 24 horas. Certifica\u00e7\u00e3o EU Food Grade. Fornecido em caixa de oferta. \u00f870 x 220 mm<\/p>\n","protected":false},"excerpt":{"rendered":"<p>Squeeze t\u00e9rmico em a\u00e7o inox com acabamento em borracha, parede dupla isolada a v\u00e1cuo e capacidade at\u00e9 550 mL. Preserva as bebidas quentes por 8 horas e as bebidas frias por 24 horas. Certifica\u00e7\u00e3o EU Food Grade. Fornecido em caixa de oferta. \u00f870 x 220 mm<\/p>\n","protected":false},"featured_media":2286,"comment_status":"open","ping_status":"closed","template":"","meta":{"_joinchat":[]},"product_cat":[24],"product_tag":[],"_links":{"self":[{"href":"https:\/\/camisetasebrindesexpress.com.br\/index.php\/wp-json\/wp\/v2\/product\/2280"}],"collection":[{"href":"https:\/\/camisetasebrindesexpress.com.br\/index.php\/wp-json\/wp\/v2\/product"}],"about":[{"href":"https:\/\/camisetasebrindesexpress.com.br\/index.php\/wp-json\/wp\/v2\/types\/product"}],"replies":[{"embeddable":true,"href":"https:\/\/camisetasebrindesexpress.com.br\/index.php\/wp-json\/wp\/v2\/comments?post=2280"}],"wp:featuredmedia":[{"embeddable":true,"href":"https:\/\/camisetasebrindesexpress.com.br\/index.php\/wp-json\/wp\/v2\/media\/2286"}],"wp:attachment":[{"href":"https:\/\/camisetasebrindesexpress.com.br\/index.php\/wp-json\/wp\/v2\/media?parent=2280"}],"wp:term":[{"taxonomy":"product_cat","embeddable":true,"href":"https:\/\/camisetasebrindesexpress.com.br\/index.php\/wp-json\/wp\/v2\/product_cat?post=2280"},{"taxonomy":"product_tag","embeddable":true,"href":"https:\/\/camisetasebrindesexpress.com.br\/index.php\/wp-json\/wp\/v2\/product_tag?post=2280"}],"curies":[{"name":"wp","href":"https:\/\/api.w.org\/{rel}","templated":true}]}}