{"id":2276,"date":"2024-05-15T16:07:48","date_gmt":"2024-05-15T19:07:48","guid":{"rendered":"https:\/\/camisetasebrindesexpress.com.br\/?post_type=product&#038;p=2276"},"modified":"2024-05-15T16:07:48","modified_gmt":"2024-05-15T19:07:48","slug":"94317-soler-garrafa-em-vidro-500-ml","status":"publish","type":"product","link":"https:\/\/camisetasebrindesexpress.com.br\/index.php\/produto\/94317-soler-garrafa-em-vidro-500-ml\/","title":{"rendered":"94317 SOLER. Garrafa em vidro 500 mL"},"content":{"rendered":"<p>Squeeze de vidro com tampa em a\u00e7o inox. Capacidade at\u00e9 500ml. Certifica\u00e7\u00e3o EU Food Grade. Fornecido em caixa branca. \u00d865 x 220 mm<\/p>\n","protected":false},"excerpt":{"rendered":"<p>Squeeze de vidro com tampa em a\u00e7o inox. Capacidade at\u00e9 500ml. Certifica\u00e7\u00e3o EU Food Grade. Fornecido em caixa branca. \u00d865 x 220 mm<\/p>\n","protected":false},"featured_media":2279,"comment_status":"open","ping_status":"closed","template":"","meta":{"_joinchat":[]},"product_cat":[24],"product_tag":[],"_links":{"self":[{"href":"https:\/\/camisetasebrindesexpress.com.br\/index.php\/wp-json\/wp\/v2\/product\/2276"}],"collection":[{"href":"https:\/\/camisetasebrindesexpress.com.br\/index.php\/wp-json\/wp\/v2\/product"}],"about":[{"href":"https:\/\/camisetasebrindesexpress.com.br\/index.php\/wp-json\/wp\/v2\/types\/product"}],"replies":[{"embeddable":true,"href":"https:\/\/camisetasebrindesexpress.com.br\/index.php\/wp-json\/wp\/v2\/comments?post=2276"}],"wp:featuredmedia":[{"embeddable":true,"href":"https:\/\/camisetasebrindesexpress.com.br\/index.php\/wp-json\/wp\/v2\/media\/2279"}],"wp:attachment":[{"href":"https:\/\/camisetasebrindesexpress.com.br\/index.php\/wp-json\/wp\/v2\/media?parent=2276"}],"wp:term":[{"taxonomy":"product_cat","embeddable":true,"href":"https:\/\/camisetasebrindesexpress.com.br\/index.php\/wp-json\/wp\/v2\/product_cat?post=2276"},{"taxonomy":"product_tag","embeddable":true,"href":"https:\/\/camisetasebrindesexpress.com.br\/index.php\/wp-json\/wp\/v2\/product_tag?post=2276"}],"curies":[{"name":"wp","href":"https:\/\/api.w.org\/{rel}","templated":true}]}}