{"id":2268,"date":"2024-05-15T16:03:19","date_gmt":"2024-05-15T19:03:19","guid":{"rendered":"https:\/\/camisetasebrindesexpress.com.br\/?post_type=product&#038;p=2268"},"modified":"2024-05-15T16:03:19","modified_gmt":"2024-05-15T19:03:19","slug":"94646-raise-squeeze-em-vidro-e-aco-inox-520-ml","status":"publish","type":"product","link":"https:\/\/camisetasebrindesexpress.com.br\/index.php\/produto\/94646-raise-squeeze-em-vidro-e-aco-inox-520-ml\/","title":{"rendered":"94646 RAISE. Squeeze em vidro e a\u00e7o inox 520 mL"},"content":{"rendered":"<p>Squeeze em vidro e a\u00e7o inox com al\u00e7a na tampa para facilitar o transporte. Capacidade at\u00e9 520 mL. Fornecido com luva em soft shell. Certifica\u00e7\u00e3o EU Food Grade. Caixa branca 94651 vendida opcionalmente. \u00f865 x 225 mm<\/p>\n","protected":false},"excerpt":{"rendered":"<p>Squeeze em vidro e a\u00e7o inox com al\u00e7a na tampa para facilitar o transporte. Capacidade at\u00e9 520 mL. Fornecido com luva em soft shell. Certifica\u00e7\u00e3o EU Food Grade. Caixa branca 94651 vendida opcionalmente. \u00f865 x 225 mm<\/p>\n","protected":false},"featured_media":2275,"comment_status":"open","ping_status":"closed","template":"","meta":{"_joinchat":[]},"product_cat":[24],"product_tag":[],"_links":{"self":[{"href":"https:\/\/camisetasebrindesexpress.com.br\/index.php\/wp-json\/wp\/v2\/product\/2268"}],"collection":[{"href":"https:\/\/camisetasebrindesexpress.com.br\/index.php\/wp-json\/wp\/v2\/product"}],"about":[{"href":"https:\/\/camisetasebrindesexpress.com.br\/index.php\/wp-json\/wp\/v2\/types\/product"}],"replies":[{"embeddable":true,"href":"https:\/\/camisetasebrindesexpress.com.br\/index.php\/wp-json\/wp\/v2\/comments?post=2268"}],"wp:featuredmedia":[{"embeddable":true,"href":"https:\/\/camisetasebrindesexpress.com.br\/index.php\/wp-json\/wp\/v2\/media\/2275"}],"wp:attachment":[{"href":"https:\/\/camisetasebrindesexpress.com.br\/index.php\/wp-json\/wp\/v2\/media?parent=2268"}],"wp:term":[{"taxonomy":"product_cat","embeddable":true,"href":"https:\/\/camisetasebrindesexpress.com.br\/index.php\/wp-json\/wp\/v2\/product_cat?post=2268"},{"taxonomy":"product_tag","embeddable":true,"href":"https:\/\/camisetasebrindesexpress.com.br\/index.php\/wp-json\/wp\/v2\/product_tag?post=2268"}],"curies":[{"name":"wp","href":"https:\/\/api.w.org\/{rel}","templated":true}]}}