{"id":2261,"date":"2024-05-15T16:01:22","date_gmt":"2024-05-15T19:01:22","guid":{"rendered":"https:\/\/camisetasebrindesexpress.com.br\/?post_type=product&#038;p=2261"},"modified":"2024-05-15T16:01:22","modified_gmt":"2024-05-15T19:01:22","slug":"94315-portis-glass-garrafa-em-vidro-com-tampa-em-pp-500-ml","status":"publish","type":"product","link":"https:\/\/camisetasebrindesexpress.com.br\/index.php\/produto\/94315-portis-glass-garrafa-em-vidro-com-tampa-em-pp-500-ml\/","title":{"rendered":"94315 PORTIS GLASS. Garrafa em vidro com tampa em PP 500 mL"},"content":{"rendered":"<p>Squeeze em vidro com tampa em PP. Capacidade at\u00e9 500 mL. Dispon\u00edvel em diversas cores. Certifica\u00e7\u00e3o EU Food Grade. Fornecido em caixa branca. \u00d860 x 245 mm<\/p>\n","protected":false},"excerpt":{"rendered":"<p>Squeeze em vidro com tampa em PP. Capacidade at\u00e9 500 mL. Dispon\u00edvel em diversas cores. Certifica\u00e7\u00e3o EU Food Grade. Fornecido em caixa branca. \u00d860 x 245 mm<\/p>\n","protected":false},"featured_media":2267,"comment_status":"open","ping_status":"closed","template":"","meta":{"_joinchat":[]},"product_cat":[24],"product_tag":[],"_links":{"self":[{"href":"https:\/\/camisetasebrindesexpress.com.br\/index.php\/wp-json\/wp\/v2\/product\/2261"}],"collection":[{"href":"https:\/\/camisetasebrindesexpress.com.br\/index.php\/wp-json\/wp\/v2\/product"}],"about":[{"href":"https:\/\/camisetasebrindesexpress.com.br\/index.php\/wp-json\/wp\/v2\/types\/product"}],"replies":[{"embeddable":true,"href":"https:\/\/camisetasebrindesexpress.com.br\/index.php\/wp-json\/wp\/v2\/comments?post=2261"}],"wp:featuredmedia":[{"embeddable":true,"href":"https:\/\/camisetasebrindesexpress.com.br\/index.php\/wp-json\/wp\/v2\/media\/2267"}],"wp:attachment":[{"href":"https:\/\/camisetasebrindesexpress.com.br\/index.php\/wp-json\/wp\/v2\/media?parent=2261"}],"wp:term":[{"taxonomy":"product_cat","embeddable":true,"href":"https:\/\/camisetasebrindesexpress.com.br\/index.php\/wp-json\/wp\/v2\/product_cat?post=2261"},{"taxonomy":"product_tag","embeddable":true,"href":"https:\/\/camisetasebrindesexpress.com.br\/index.php\/wp-json\/wp\/v2\/product_tag?post=2261"}],"curies":[{"name":"wp","href":"https:\/\/api.w.org\/{rel}","templated":true}]}}