{"id":2248,"date":"2024-05-15T15:58:46","date_gmt":"2024-05-15T18:58:46","guid":{"rendered":"https:\/\/camisetasebrindesexpress.com.br\/?post_type=product&#038;p=2248"},"modified":"2024-05-15T15:58:46","modified_gmt":"2024-05-15T18:58:46","slug":"94669-williams-squeeze-em-vidro-borossilicato-com-tampa-em-as-470ml","status":"publish","type":"product","link":"https:\/\/camisetasebrindesexpress.com.br\/index.php\/produto\/94669-williams-squeeze-em-vidro-borossilicato-com-tampa-em-as-470ml\/","title":{"rendered":"94669 WILLIAMS. Squeeze em vidro borossilicato com tampa em AS 470mL"},"content":{"rendered":"<p>Squeeze em vidro borossilicato com tampa em AS e uma pega em silicone. Capacidade at\u00e9 470 mL. Certifica\u00e7\u00e3o EU Food Grade. Fornecido em caixa. \u00f860 x 210 mm<\/p>\n","protected":false},"excerpt":{"rendered":"<p>Squeeze em vidro borossilicato com tampa em AS e uma pega em silicone. Capacidade at\u00e9 470 mL. Certifica\u00e7\u00e3o EU Food Grade. Fornecido em caixa. \u00f860 x 210 mm<\/p>\n","protected":false},"featured_media":2254,"comment_status":"open","ping_status":"closed","template":"","meta":{"_joinchat":[]},"product_cat":[24],"product_tag":[],"_links":{"self":[{"href":"https:\/\/camisetasebrindesexpress.com.br\/index.php\/wp-json\/wp\/v2\/product\/2248"}],"collection":[{"href":"https:\/\/camisetasebrindesexpress.com.br\/index.php\/wp-json\/wp\/v2\/product"}],"about":[{"href":"https:\/\/camisetasebrindesexpress.com.br\/index.php\/wp-json\/wp\/v2\/types\/product"}],"replies":[{"embeddable":true,"href":"https:\/\/camisetasebrindesexpress.com.br\/index.php\/wp-json\/wp\/v2\/comments?post=2248"}],"wp:featuredmedia":[{"embeddable":true,"href":"https:\/\/camisetasebrindesexpress.com.br\/index.php\/wp-json\/wp\/v2\/media\/2254"}],"wp:attachment":[{"href":"https:\/\/camisetasebrindesexpress.com.br\/index.php\/wp-json\/wp\/v2\/media?parent=2248"}],"wp:term":[{"taxonomy":"product_cat","embeddable":true,"href":"https:\/\/camisetasebrindesexpress.com.br\/index.php\/wp-json\/wp\/v2\/product_cat?post=2248"},{"taxonomy":"product_tag","embeddable":true,"href":"https:\/\/camisetasebrindesexpress.com.br\/index.php\/wp-json\/wp\/v2\/product_tag?post=2248"}],"curies":[{"name":"wp","href":"https:\/\/api.w.org\/{rel}","templated":true}]}}