{"id":2242,"date":"2024-05-15T15:57:34","date_gmt":"2024-05-15T18:57:34","guid":{"rendered":"https:\/\/camisetasebrindesexpress.com.br\/?post_type=product&#038;p=2242"},"modified":"2024-05-15T15:57:34","modified_gmt":"2024-05-15T18:57:34","slug":"94699-dakar-squeeze-em-vidro-borossilicato-e-bambu-600-ml","status":"publish","type":"product","link":"https:\/\/camisetasebrindesexpress.com.br\/index.php\/produto\/94699-dakar-squeeze-em-vidro-borossilicato-e-bambu-600-ml\/","title":{"rendered":"94699 DAKAR. Squeeze em vidro borossilicato e bambu 600 mL"},"content":{"rendered":"<p>Squeeze em vidro borossilicato e com tampa em bambu. Revestido com luva em silicone. Capacidade at\u00e9 600 mL. Certifica\u00e7\u00e3o EU Food Grade. Fornecido em caixa. \u00f868 x 231 mm<\/p>\n","protected":false},"excerpt":{"rendered":"<p>Squeeze em vidro borossilicato e com tampa em bambu. Revestido com luva em silicone. Capacidade at\u00e9 600 mL. Certifica\u00e7\u00e3o EU Food Grade. Fornecido em caixa. \u00f868 x 231 mm<\/p>\n","protected":false},"featured_media":2247,"comment_status":"open","ping_status":"closed","template":"","meta":{"_joinchat":[]},"product_cat":[24],"product_tag":[],"_links":{"self":[{"href":"https:\/\/camisetasebrindesexpress.com.br\/index.php\/wp-json\/wp\/v2\/product\/2242"}],"collection":[{"href":"https:\/\/camisetasebrindesexpress.com.br\/index.php\/wp-json\/wp\/v2\/product"}],"about":[{"href":"https:\/\/camisetasebrindesexpress.com.br\/index.php\/wp-json\/wp\/v2\/types\/product"}],"replies":[{"embeddable":true,"href":"https:\/\/camisetasebrindesexpress.com.br\/index.php\/wp-json\/wp\/v2\/comments?post=2242"}],"wp:featuredmedia":[{"embeddable":true,"href":"https:\/\/camisetasebrindesexpress.com.br\/index.php\/wp-json\/wp\/v2\/media\/2247"}],"wp:attachment":[{"href":"https:\/\/camisetasebrindesexpress.com.br\/index.php\/wp-json\/wp\/v2\/media?parent=2242"}],"wp:term":[{"taxonomy":"product_cat","embeddable":true,"href":"https:\/\/camisetasebrindesexpress.com.br\/index.php\/wp-json\/wp\/v2\/product_cat?post=2242"},{"taxonomy":"product_tag","embeddable":true,"href":"https:\/\/camisetasebrindesexpress.com.br\/index.php\/wp-json\/wp\/v2\/product_tag?post=2242"}],"curies":[{"name":"wp","href":"https:\/\/api.w.org\/{rel}","templated":true}]}}