{"id":2231,"date":"2024-05-15T15:53:20","date_gmt":"2024-05-15T18:53:20","guid":{"rendered":"https:\/\/camisetasebrindesexpress.com.br\/?post_type=product&#038;p=2231"},"modified":"2024-05-15T15:53:20","modified_gmt":"2024-05-15T18:53:20","slug":"94785-americano-copo-em-vidro-isotermico-220-ml","status":"publish","type":"product","link":"https:\/\/camisetasebrindesexpress.com.br\/index.php\/produto\/94785-americano-copo-em-vidro-isotermico-220-ml\/","title":{"rendered":"94785 AMERICANO. Copo em vidro isot\u00e9rmico 220 mL"},"content":{"rendered":"<div class=\"texto\">Copo t\u00e9rmico de vidro isot\u00e9rmico com parede dupla isolada a ar e capacidade at\u00e9 220 mL. Certifica\u00e7\u00e3o EU Food Grade. Fornecido em caixa de oferta personaliz\u00e1vel. \u00f880 x 86 mm<\/div>\n<div class=\"icons\">\n<div class=\"icon\"><img decoding=\"async\" src=\"https:\/\/www.spotgifts.com.br\/fotos\/pictogramas\/apropriado_comida_821178460610cfa693a920.png\" alt=\"SPOT\" \/><\/div>\n<div class=\"icon\"><img decoding=\"async\" src=\"https:\/\/www.spotgifts.com.br\/fotos\/pictogramas\/caixa_oferta_1264245494610cfcfc63cad.png\" alt=\"SPOT\" \/><\/div>\n<div class=\"icon\"><img decoding=\"async\" src=\"https:\/\/www.spotgifts.com.br\/fotos\/pictogramas\/bebidas_quentes_313558695610cff55a6543.png\" alt=\"SPOT\" \/><\/div>\n<div class=\"icon\"><img decoding=\"async\" src=\"https:\/\/www.spotgifts.com.br\/fotos\/pictogramas\/double_wall_70852791264a56b14df367.png\" alt=\"SPOT\" \/><\/div>\n<\/div>\n","protected":false},"excerpt":{"rendered":"<p>Copo t\u00e9rmico de vidro isot\u00e9rmico com parede dupla isolada a ar e capacidade at\u00e9 220 mL. Certifica\u00e7\u00e3o EU Food Grade. Fornecido em caixa de oferta personaliz\u00e1vel. \u00f880 x 86 mm<\/p>\n","protected":false},"featured_media":2234,"comment_status":"open","ping_status":"closed","template":"","meta":{"_joinchat":[]},"product_cat":[24],"product_tag":[],"_links":{"self":[{"href":"https:\/\/camisetasebrindesexpress.com.br\/index.php\/wp-json\/wp\/v2\/product\/2231"}],"collection":[{"href":"https:\/\/camisetasebrindesexpress.com.br\/index.php\/wp-json\/wp\/v2\/product"}],"about":[{"href":"https:\/\/camisetasebrindesexpress.com.br\/index.php\/wp-json\/wp\/v2\/types\/product"}],"replies":[{"embeddable":true,"href":"https:\/\/camisetasebrindesexpress.com.br\/index.php\/wp-json\/wp\/v2\/comments?post=2231"}],"wp:featuredmedia":[{"embeddable":true,"href":"https:\/\/camisetasebrindesexpress.com.br\/index.php\/wp-json\/wp\/v2\/media\/2234"}],"wp:attachment":[{"href":"https:\/\/camisetasebrindesexpress.com.br\/index.php\/wp-json\/wp\/v2\/media?parent=2231"}],"wp:term":[{"taxonomy":"product_cat","embeddable":true,"href":"https:\/\/camisetasebrindesexpress.com.br\/index.php\/wp-json\/wp\/v2\/product_cat?post=2231"},{"taxonomy":"product_tag","embeddable":true,"href":"https:\/\/camisetasebrindesexpress.com.br\/index.php\/wp-json\/wp\/v2\/product_tag?post=2231"}],"curies":[{"name":"wp","href":"https:\/\/api.w.org\/{rel}","templated":true}]}}