{"id":2218,"date":"2024-05-15T15:44:22","date_gmt":"2024-05-15T18:44:22","guid":{"rendered":"https:\/\/camisetasebrindesexpress.com.br\/?post_type=product&#038;p=2218"},"modified":"2024-05-15T15:44:22","modified_gmt":"2024-05-15T18:44:22","slug":"94761-lycka-copo-em-bambu-e-aco-inox-350-ml","status":"publish","type":"product","link":"https:\/\/camisetasebrindesexpress.com.br\/index.php\/produto\/94761-lycka-copo-em-bambu-e-aco-inox-350-ml\/","title":{"rendered":"94761 LYCKA. Copo em bambu e a\u00e7o inox 350 mL"},"content":{"rendered":"<p>Copo de viagem t\u00e9rmico em bambu e a\u00e7o inox de parede dupla isolada a ar e tampa AS com fecho deslizante. Capacidade at\u00e9 350 mL. Preserva as bebidas quentes por 2 horas e as bebidas frias por 4 horas. Certifica\u00e7\u00e3o EU Food Grade. Fornecido em caixa presente de papel kraft. \u00f880 x 108 mm<\/p>\n","protected":false},"excerpt":{"rendered":"<p>Copo de viagem t\u00e9rmico em bambu e a\u00e7o inox de parede dupla isolada a ar e tampa AS com fecho deslizante. Capacidade at\u00e9 350 mL. Preserva as bebidas quentes por 2 horas e as bebidas frias por 4 horas. Certifica\u00e7\u00e3o EU Food Grade. Fornecido em caixa presente de papel kraft. \u00f880 x 108 mm<\/p>\n","protected":false},"featured_media":2224,"comment_status":"open","ping_status":"closed","template":"","meta":{"_joinchat":[]},"product_cat":[24],"product_tag":[],"_links":{"self":[{"href":"https:\/\/camisetasebrindesexpress.com.br\/index.php\/wp-json\/wp\/v2\/product\/2218"}],"collection":[{"href":"https:\/\/camisetasebrindesexpress.com.br\/index.php\/wp-json\/wp\/v2\/product"}],"about":[{"href":"https:\/\/camisetasebrindesexpress.com.br\/index.php\/wp-json\/wp\/v2\/types\/product"}],"replies":[{"embeddable":true,"href":"https:\/\/camisetasebrindesexpress.com.br\/index.php\/wp-json\/wp\/v2\/comments?post=2218"}],"wp:featuredmedia":[{"embeddable":true,"href":"https:\/\/camisetasebrindesexpress.com.br\/index.php\/wp-json\/wp\/v2\/media\/2224"}],"wp:attachment":[{"href":"https:\/\/camisetasebrindesexpress.com.br\/index.php\/wp-json\/wp\/v2\/media?parent=2218"}],"wp:term":[{"taxonomy":"product_cat","embeddable":true,"href":"https:\/\/camisetasebrindesexpress.com.br\/index.php\/wp-json\/wp\/v2\/product_cat?post=2218"},{"taxonomy":"product_tag","embeddable":true,"href":"https:\/\/camisetasebrindesexpress.com.br\/index.php\/wp-json\/wp\/v2\/product_tag?post=2218"}],"curies":[{"name":"wp","href":"https:\/\/api.w.org\/{rel}","templated":true}]}}