{"id":2212,"date":"2024-05-15T15:41:56","date_gmt":"2024-05-15T18:41:56","guid":{"rendered":"https:\/\/camisetasebrindesexpress.com.br\/?post_type=product&#038;p=2212"},"modified":"2024-05-15T15:41:56","modified_gmt":"2024-05-15T18:41:56","slug":"94241-pietro-copo-de-viagem-em-bambu-e-aco-inox-500-ml","status":"publish","type":"product","link":"https:\/\/camisetasebrindesexpress.com.br\/index.php\/produto\/94241-pietro-copo-de-viagem-em-bambu-e-aco-inox-500-ml\/","title":{"rendered":"94241 PIETRO. Copo de viagem em bambu e a\u00e7o inox 500 mL"},"content":{"rendered":"<p>Copo t\u00e9rmico de viagem em bambu e a\u00e7o inox, com sistema de abertura deslizante e parede dupla de isolamento. Capacidade at\u00e9 500 mL. Preserva as bebidas quentes por 2 horas e as bebidas frias por 4 horas. Certifica\u00e7\u00e3o EU Food Grade. Fornecido em caixa presente de papel kraft. \u00f882 x 158 mm<\/p>\n","protected":false},"excerpt":{"rendered":"<p>Copo t\u00e9rmico de viagem em bambu e a\u00e7o inox, com sistema de abertura deslizante e parede dupla de isolamento. Capacidade at\u00e9 500 mL. Preserva as bebidas quentes por 2 horas e as bebidas frias por 4 horas. Certifica\u00e7\u00e3o EU Food Grade. Fornecido em caixa presente de papel kraft. \u00f882 x 158 mm<\/p>\n","protected":false},"featured_media":2217,"comment_status":"open","ping_status":"closed","template":"","meta":{"_joinchat":[]},"product_cat":[24],"product_tag":[],"_links":{"self":[{"href":"https:\/\/camisetasebrindesexpress.com.br\/index.php\/wp-json\/wp\/v2\/product\/2212"}],"collection":[{"href":"https:\/\/camisetasebrindesexpress.com.br\/index.php\/wp-json\/wp\/v2\/product"}],"about":[{"href":"https:\/\/camisetasebrindesexpress.com.br\/index.php\/wp-json\/wp\/v2\/types\/product"}],"replies":[{"embeddable":true,"href":"https:\/\/camisetasebrindesexpress.com.br\/index.php\/wp-json\/wp\/v2\/comments?post=2212"}],"wp:featuredmedia":[{"embeddable":true,"href":"https:\/\/camisetasebrindesexpress.com.br\/index.php\/wp-json\/wp\/v2\/media\/2217"}],"wp:attachment":[{"href":"https:\/\/camisetasebrindesexpress.com.br\/index.php\/wp-json\/wp\/v2\/media?parent=2212"}],"wp:term":[{"taxonomy":"product_cat","embeddable":true,"href":"https:\/\/camisetasebrindesexpress.com.br\/index.php\/wp-json\/wp\/v2\/product_cat?post=2212"},{"taxonomy":"product_tag","embeddable":true,"href":"https:\/\/camisetasebrindesexpress.com.br\/index.php\/wp-json\/wp\/v2\/product_tag?post=2212"}],"curies":[{"name":"wp","href":"https:\/\/api.w.org\/{rel}","templated":true}]}}