{"id":2201,"date":"2024-05-15T15:38:51","date_gmt":"2024-05-15T18:38:51","guid":{"rendered":"https:\/\/camisetasebrindesexpress.com.br\/?post_type=product&#038;p=2201"},"modified":"2024-05-15T15:38:51","modified_gmt":"2024-05-15T18:38:51","slug":"94765-makarova-squeeze-em-vidro-borossilicato-com-infusores-490-ml","status":"publish","type":"product","link":"https:\/\/camisetasebrindesexpress.com.br\/index.php\/produto\/94765-makarova-squeeze-em-vidro-borossilicato-com-infusores-490-ml\/","title":{"rendered":"94765 MAKAROVA. Squeeze em vidro borossilicato com infusores 490 mL"},"content":{"rendered":"<p>Squeeze t\u00e9rmica em vidro de borossilicato com parede dupla e tampa em bambu. Incluso 2 infusores em a\u00e7o inox. Capacidade at\u00e9 490 mL. Apto para ir a m\u00e1quina de lavar, removendo a tampa. Preserva as bebidas quentes por 2 horas e as bebidas frias por 4 horas. Certifica\u00e7\u00e3o EU Food Grade. Fornecido em caixa presente de papel kraft. \u00f872 x 234 mm<\/p>\n","protected":false},"excerpt":{"rendered":"<p>Squeeze t\u00e9rmica em vidro de borossilicato com parede dupla e tampa em bambu. Incluso 2 infusores em a\u00e7o inox. Capacidade at\u00e9 490 mL. Apto para ir a m\u00e1quina de lavar, removendo a tampa. Preserva as bebidas quentes por 2 horas e as bebidas frias por 4 horas. Certifica\u00e7\u00e3o EU Food Grade. Fornecido em caixa presente [&hellip;]<\/p>\n","protected":false},"featured_media":2205,"comment_status":"open","ping_status":"closed","template":"","meta":{"_joinchat":[]},"product_cat":[24],"product_tag":[],"_links":{"self":[{"href":"https:\/\/camisetasebrindesexpress.com.br\/index.php\/wp-json\/wp\/v2\/product\/2201"}],"collection":[{"href":"https:\/\/camisetasebrindesexpress.com.br\/index.php\/wp-json\/wp\/v2\/product"}],"about":[{"href":"https:\/\/camisetasebrindesexpress.com.br\/index.php\/wp-json\/wp\/v2\/types\/product"}],"replies":[{"embeddable":true,"href":"https:\/\/camisetasebrindesexpress.com.br\/index.php\/wp-json\/wp\/v2\/comments?post=2201"}],"wp:featuredmedia":[{"embeddable":true,"href":"https:\/\/camisetasebrindesexpress.com.br\/index.php\/wp-json\/wp\/v2\/media\/2205"}],"wp:attachment":[{"href":"https:\/\/camisetasebrindesexpress.com.br\/index.php\/wp-json\/wp\/v2\/media?parent=2201"}],"wp:term":[{"taxonomy":"product_cat","embeddable":true,"href":"https:\/\/camisetasebrindesexpress.com.br\/index.php\/wp-json\/wp\/v2\/product_cat?post=2201"},{"taxonomy":"product_tag","embeddable":true,"href":"https:\/\/camisetasebrindesexpress.com.br\/index.php\/wp-json\/wp\/v2\/product_tag?post=2201"}],"curies":[{"name":"wp","href":"https:\/\/api.w.org\/{rel}","templated":true}]}}