{"id":2195,"date":"2024-05-15T15:37:47","date_gmt":"2024-05-15T18:37:47","guid":{"rendered":"https:\/\/camisetasebrindesexpress.com.br\/?post_type=product&#038;p=2195"},"modified":"2024-05-15T15:37:47","modified_gmt":"2024-05-15T18:37:47","slug":"94257-laver-squeeze-termica-em-bambu-aco-inoxidavel-e-pp-440-ml","status":"publish","type":"product","link":"https:\/\/camisetasebrindesexpress.com.br\/index.php\/produto\/94257-laver-squeeze-termica-em-bambu-aco-inoxidavel-e-pp-440-ml\/","title":{"rendered":"94257 LAVER. Squeeze t\u00e9rmica em bambu, a\u00e7o inoxid\u00e1vel e PP 440 mL"},"content":{"rendered":"<p>Squeeze t\u00e9rmico em bambu e a\u00e7o inox com corpo duplo, isolamento a v\u00e1cuo e tampa em PP. Capacidade at\u00e9 440 mL. Preserva as bebidas quentes por 8 horas e as bebidas frias por 24 horas. Certifica\u00e7\u00e3o EU Food Grade. Fornecido em caixa presente de papel kraft. \u00f870 x 222 mm<\/p>\n","protected":false},"excerpt":{"rendered":"<p>Squeeze t\u00e9rmico em bambu e a\u00e7o inox com corpo duplo, isolamento a v\u00e1cuo e tampa em PP. Capacidade at\u00e9 440 mL. Preserva as bebidas quentes por 8 horas e as bebidas frias por 24 horas. Certifica\u00e7\u00e3o EU Food Grade. Fornecido em caixa presente de papel kraft. \u00f870 x 222 mm<\/p>\n","protected":false},"featured_media":2200,"comment_status":"open","ping_status":"closed","template":"","meta":{"_joinchat":[]},"product_cat":[24],"product_tag":[],"_links":{"self":[{"href":"https:\/\/camisetasebrindesexpress.com.br\/index.php\/wp-json\/wp\/v2\/product\/2195"}],"collection":[{"href":"https:\/\/camisetasebrindesexpress.com.br\/index.php\/wp-json\/wp\/v2\/product"}],"about":[{"href":"https:\/\/camisetasebrindesexpress.com.br\/index.php\/wp-json\/wp\/v2\/types\/product"}],"replies":[{"embeddable":true,"href":"https:\/\/camisetasebrindesexpress.com.br\/index.php\/wp-json\/wp\/v2\/comments?post=2195"}],"wp:featuredmedia":[{"embeddable":true,"href":"https:\/\/camisetasebrindesexpress.com.br\/index.php\/wp-json\/wp\/v2\/media\/2200"}],"wp:attachment":[{"href":"https:\/\/camisetasebrindesexpress.com.br\/index.php\/wp-json\/wp\/v2\/media?parent=2195"}],"wp:term":[{"taxonomy":"product_cat","embeddable":true,"href":"https:\/\/camisetasebrindesexpress.com.br\/index.php\/wp-json\/wp\/v2\/product_cat?post=2195"},{"taxonomy":"product_tag","embeddable":true,"href":"https:\/\/camisetasebrindesexpress.com.br\/index.php\/wp-json\/wp\/v2\/product_tag?post=2195"}],"curies":[{"name":"wp","href":"https:\/\/api.w.org\/{rel}","templated":true}]}}