{"id":2186,"date":"2024-05-15T15:36:25","date_gmt":"2024-05-15T18:36:25","guid":{"rendered":"https:\/\/camisetasebrindesexpress.com.br\/?post_type=product&#038;p=2186"},"modified":"2024-05-15T15:36:26","modified_gmt":"2024-05-15T18:36:26","slug":"94683-naturel-squeeze-termica-em-bambu-e-aco-inox-430-ml","status":"publish","type":"product","link":"https:\/\/camisetasebrindesexpress.com.br\/index.php\/produto\/94683-naturel-squeeze-termica-em-bambu-e-aco-inox-430-ml\/","title":{"rendered":"94683 NATUREL. Squeeze t\u00e9rmica em bambu e a\u00e7o inox 430 mL"},"content":{"rendered":"<p>Squeeze t\u00e9rmica em bambu e a\u00e7o inox, com parede dupla isolada a v\u00e1cuo e infusor para ch\u00e1. Preserva as bebidas quentes por 8 horas e as bebidas frias por 12 horas. Capacidade at\u00e9 430 mL. Certifica\u00e7\u00e3o EU Food Grade. Fornecido em caixa. \u00f869 x 207 mm | Caixa: 72 x 210 x 72 mm<\/p>\n","protected":false},"excerpt":{"rendered":"<p>Squeeze t\u00e9rmica em bambu e a\u00e7o inox, com parede dupla isolada a v\u00e1cuo e infusor para ch\u00e1. Preserva as bebidas quentes por 8 horas e as bebidas frias por 12 horas. Capacidade at\u00e9 430 mL. Certifica\u00e7\u00e3o EU Food Grade. Fornecido em caixa. \u00f869 x 207 mm | Caixa: 72 x 210 x 72 mm<\/p>\n","protected":false},"featured_media":2194,"comment_status":"open","ping_status":"closed","template":"","meta":{"_joinchat":[]},"product_cat":[24],"product_tag":[],"_links":{"self":[{"href":"https:\/\/camisetasebrindesexpress.com.br\/index.php\/wp-json\/wp\/v2\/product\/2186"}],"collection":[{"href":"https:\/\/camisetasebrindesexpress.com.br\/index.php\/wp-json\/wp\/v2\/product"}],"about":[{"href":"https:\/\/camisetasebrindesexpress.com.br\/index.php\/wp-json\/wp\/v2\/types\/product"}],"replies":[{"embeddable":true,"href":"https:\/\/camisetasebrindesexpress.com.br\/index.php\/wp-json\/wp\/v2\/comments?post=2186"}],"wp:featuredmedia":[{"embeddable":true,"href":"https:\/\/camisetasebrindesexpress.com.br\/index.php\/wp-json\/wp\/v2\/media\/2194"}],"wp:attachment":[{"href":"https:\/\/camisetasebrindesexpress.com.br\/index.php\/wp-json\/wp\/v2\/media?parent=2186"}],"wp:term":[{"taxonomy":"product_cat","embeddable":true,"href":"https:\/\/camisetasebrindesexpress.com.br\/index.php\/wp-json\/wp\/v2\/product_cat?post=2186"},{"taxonomy":"product_tag","embeddable":true,"href":"https:\/\/camisetasebrindesexpress.com.br\/index.php\/wp-json\/wp\/v2\/product_tag?post=2186"}],"curies":[{"name":"wp","href":"https:\/\/api.w.org\/{rel}","templated":true}]}}