{"id":2176,"date":"2024-05-15T15:15:09","date_gmt":"2024-05-15T18:15:09","guid":{"rendered":"https:\/\/camisetasebrindesexpress.com.br\/?post_type=product&#038;p=2176"},"modified":"2024-05-15T15:15:09","modified_gmt":"2024-05-15T18:15:09","slug":"98131-throne-cadeira-dobravel-em-600d","status":"publish","type":"product","link":"https:\/\/camisetasebrindesexpress.com.br\/index.php\/produto\/98131-throne-cadeira-dobravel-em-600d\/","title":{"rendered":"98131 THRONE. Cadeira dobr\u00e1vel em 600D"},"content":{"rendered":"<p>Cadeira em 600D dobr\u00e1vel com suporte em rede para squeeze. Constru\u00e7\u00e3o em metal que suporta at\u00e9 100 kg. Fornecida em bolsa com al\u00e7a. Aberta: 520 x 520 x 830 mm | Dobrada: 830 x 160 mm<\/p>\n","protected":false},"excerpt":{"rendered":"<p>Cadeira em 600D dobr\u00e1vel com suporte em rede para squeeze. Constru\u00e7\u00e3o em metal que suporta at\u00e9 100 kg. Fornecida em bolsa com al\u00e7a. Aberta: 520 x 520 x 830 mm | Dobrada: 830 x 160 mm<\/p>\n","protected":false},"featured_media":2181,"comment_status":"open","ping_status":"closed","template":"","meta":{"_joinchat":[]},"product_cat":[23],"product_tag":[],"_links":{"self":[{"href":"https:\/\/camisetasebrindesexpress.com.br\/index.php\/wp-json\/wp\/v2\/product\/2176"}],"collection":[{"href":"https:\/\/camisetasebrindesexpress.com.br\/index.php\/wp-json\/wp\/v2\/product"}],"about":[{"href":"https:\/\/camisetasebrindesexpress.com.br\/index.php\/wp-json\/wp\/v2\/types\/product"}],"replies":[{"embeddable":true,"href":"https:\/\/camisetasebrindesexpress.com.br\/index.php\/wp-json\/wp\/v2\/comments?post=2176"}],"wp:featuredmedia":[{"embeddable":true,"href":"https:\/\/camisetasebrindesexpress.com.br\/index.php\/wp-json\/wp\/v2\/media\/2181"}],"wp:attachment":[{"href":"https:\/\/camisetasebrindesexpress.com.br\/index.php\/wp-json\/wp\/v2\/media?parent=2176"}],"wp:term":[{"taxonomy":"product_cat","embeddable":true,"href":"https:\/\/camisetasebrindesexpress.com.br\/index.php\/wp-json\/wp\/v2\/product_cat?post=2176"},{"taxonomy":"product_tag","embeddable":true,"href":"https:\/\/camisetasebrindesexpress.com.br\/index.php\/wp-json\/wp\/v2\/product_tag?post=2176"}],"curies":[{"name":"wp","href":"https:\/\/api.w.org\/{rel}","templated":true}]}}