{"id":2163,"date":"2024-05-15T12:53:45","date_gmt":"2024-05-15T15:53:45","guid":{"rendered":"https:\/\/camisetasebrindesexpress.com.br\/?post_type=product&#038;p=2163"},"modified":"2024-05-15T12:53:45","modified_gmt":"2024-05-15T15:53:45","slug":"99967-artx-plus-kit-toalha-e-garrafa-em-poliamida-e-poliester-com-garrafa","status":"publish","type":"product","link":"https:\/\/camisetasebrindesexpress.com.br\/index.php\/produto\/99967-artx-plus-kit-toalha-e-garrafa-em-poliamida-e-poliester-com-garrafa\/","title":{"rendered":"99967 ARTX PLUS. Kit toalha e garrafa em poliamida e poli\u00e9ster com garrafa"},"content":{"rendered":"<p>Kit toalha e garrafa. Toalha para esporte em poliamida e poli\u00e9ster. Toalha refrescante, quando molhada permanece fria durante horas. Se aquecer, basta balan\u00e7ar reativando sua frescura. Reutiliz\u00e1vel e lav\u00e1vel \u00e0 m\u00e1quina. Garrafa em PP e PET com mosquet\u00e3o incluso. Capacidade at\u00e9 440 mL. Certifica\u00e7\u00e3o EU Food Grade. Caixa branca 94653 vendida opcionalmente. Toalha: 300 x 800 mm | Garrafa: \u00f865 x 183 mm<\/p>\n","protected":false},"excerpt":{"rendered":"<p>Kit toalha e garrafa. Toalha para esporte em poliamida e poli\u00e9ster. Toalha refrescante, quando molhada permanece fria durante horas. Se aquecer, basta balan\u00e7ar reativando sua frescura. Reutiliz\u00e1vel e lav\u00e1vel \u00e0 m\u00e1quina. Garrafa em PP e PET com mosquet\u00e3o incluso. Capacidade at\u00e9 440 mL. Certifica\u00e7\u00e3o EU Food Grade. Caixa branca 94653 vendida opcionalmente. Toalha: 300 x [&hellip;]<\/p>\n","protected":false},"featured_media":2170,"comment_status":"open","ping_status":"closed","template":"","meta":{"_joinchat":[]},"product_cat":[23],"product_tag":[],"_links":{"self":[{"href":"https:\/\/camisetasebrindesexpress.com.br\/index.php\/wp-json\/wp\/v2\/product\/2163"}],"collection":[{"href":"https:\/\/camisetasebrindesexpress.com.br\/index.php\/wp-json\/wp\/v2\/product"}],"about":[{"href":"https:\/\/camisetasebrindesexpress.com.br\/index.php\/wp-json\/wp\/v2\/types\/product"}],"replies":[{"embeddable":true,"href":"https:\/\/camisetasebrindesexpress.com.br\/index.php\/wp-json\/wp\/v2\/comments?post=2163"}],"wp:featuredmedia":[{"embeddable":true,"href":"https:\/\/camisetasebrindesexpress.com.br\/index.php\/wp-json\/wp\/v2\/media\/2170"}],"wp:attachment":[{"href":"https:\/\/camisetasebrindesexpress.com.br\/index.php\/wp-json\/wp\/v2\/media?parent=2163"}],"wp:term":[{"taxonomy":"product_cat","embeddable":true,"href":"https:\/\/camisetasebrindesexpress.com.br\/index.php\/wp-json\/wp\/v2\/product_cat?post=2163"},{"taxonomy":"product_tag","embeddable":true,"href":"https:\/\/camisetasebrindesexpress.com.br\/index.php\/wp-json\/wp\/v2\/product_tag?post=2163"}],"curies":[{"name":"wp","href":"https:\/\/api.w.org\/{rel}","templated":true}]}}