{"id":2157,"date":"2024-05-15T12:52:34","date_gmt":"2024-05-15T15:52:34","guid":{"rendered":"https:\/\/camisetasebrindesexpress.com.br\/?post_type=product&#038;p=2157"},"modified":"2024-05-15T12:52:34","modified_gmt":"2024-05-15T15:52:34","slug":"99969-bernal-toalha-esportiva-refrescante-em-rpet-com-bolsa-em-non-woven","status":"publish","type":"product","link":"https:\/\/camisetasebrindesexpress.com.br\/index.php\/produto\/99969-bernal-toalha-esportiva-refrescante-em-rpet-com-bolsa-em-non-woven\/","title":{"rendered":"99969 BERNAL. Toalha esportiva refrescante em rPET com bolsa em non-woven"},"content":{"rendered":"<p>Toalha esportiva refrescante em rPET. Fornecida numa bolsa preta em non-woven. Toalha reutiliz\u00e1vel, lav\u00e1vel na m\u00e1quina de lavar roupa. 300 x 800 mm | Bolsa: 120 x 205 mm<\/p>\n","protected":false},"excerpt":{"rendered":"<p>Toalha esportiva refrescante em rPET. Fornecida numa bolsa preta em non-woven. Toalha reutiliz\u00e1vel, lav\u00e1vel na m\u00e1quina de lavar roupa. 300 x 800 mm | Bolsa: 120 x 205 mm<\/p>\n","protected":false},"featured_media":2162,"comment_status":"open","ping_status":"closed","template":"","meta":{"_joinchat":[]},"product_cat":[23],"product_tag":[],"_links":{"self":[{"href":"https:\/\/camisetasebrindesexpress.com.br\/index.php\/wp-json\/wp\/v2\/product\/2157"}],"collection":[{"href":"https:\/\/camisetasebrindesexpress.com.br\/index.php\/wp-json\/wp\/v2\/product"}],"about":[{"href":"https:\/\/camisetasebrindesexpress.com.br\/index.php\/wp-json\/wp\/v2\/types\/product"}],"replies":[{"embeddable":true,"href":"https:\/\/camisetasebrindesexpress.com.br\/index.php\/wp-json\/wp\/v2\/comments?post=2157"}],"wp:featuredmedia":[{"embeddable":true,"href":"https:\/\/camisetasebrindesexpress.com.br\/index.php\/wp-json\/wp\/v2\/media\/2162"}],"wp:attachment":[{"href":"https:\/\/camisetasebrindesexpress.com.br\/index.php\/wp-json\/wp\/v2\/media?parent=2157"}],"wp:term":[{"taxonomy":"product_cat","embeddable":true,"href":"https:\/\/camisetasebrindesexpress.com.br\/index.php\/wp-json\/wp\/v2\/product_cat?post=2157"},{"taxonomy":"product_tag","embeddable":true,"href":"https:\/\/camisetasebrindesexpress.com.br\/index.php\/wp-json\/wp\/v2\/product_tag?post=2157"}],"curies":[{"name":"wp","href":"https:\/\/api.w.org\/{rel}","templated":true}]}}