{"id":2153,"date":"2024-05-15T12:51:43","date_gmt":"2024-05-15T15:51:43","guid":{"rendered":"https:\/\/camisetasebrindesexpress.com.br\/?post_type=product&#038;p=2153"},"modified":"2024-05-15T12:51:44","modified_gmt":"2024-05-15T15:51:44","slug":"99023-picchu-punho-elastico-em-poliester-com-bolso-com-ziper","status":"publish","type":"product","link":"https:\/\/camisetasebrindesexpress.com.br\/index.php\/produto\/99023-picchu-punho-elastico-em-poliester-com-bolso-com-ziper\/","title":{"rendered":"99023 PICCHU. Punho el\u00e1stico em poli\u00e9ster com bolso com z\u00edper"},"content":{"rendered":"<p>Punho el\u00e1stico em poli\u00e9ster com bolso com z\u00edper, ideal para guardar bens de pequeno tamanho e usar durante a pr\u00e1tica esportiva. 100 x 100 mm<\/p>\n","protected":false},"excerpt":{"rendered":"<p>Punho el\u00e1stico em poli\u00e9ster com bolso com z\u00edper, ideal para guardar bens de pequeno tamanho e usar durante a pr\u00e1tica esportiva. 100 x 100 mm<\/p>\n","protected":false},"featured_media":2156,"comment_status":"open","ping_status":"closed","template":"","meta":{"_joinchat":[]},"product_cat":[23],"product_tag":[],"_links":{"self":[{"href":"https:\/\/camisetasebrindesexpress.com.br\/index.php\/wp-json\/wp\/v2\/product\/2153"}],"collection":[{"href":"https:\/\/camisetasebrindesexpress.com.br\/index.php\/wp-json\/wp\/v2\/product"}],"about":[{"href":"https:\/\/camisetasebrindesexpress.com.br\/index.php\/wp-json\/wp\/v2\/types\/product"}],"replies":[{"embeddable":true,"href":"https:\/\/camisetasebrindesexpress.com.br\/index.php\/wp-json\/wp\/v2\/comments?post=2153"}],"wp:featuredmedia":[{"embeddable":true,"href":"https:\/\/camisetasebrindesexpress.com.br\/index.php\/wp-json\/wp\/v2\/media\/2156"}],"wp:attachment":[{"href":"https:\/\/camisetasebrindesexpress.com.br\/index.php\/wp-json\/wp\/v2\/media?parent=2153"}],"wp:term":[{"taxonomy":"product_cat","embeddable":true,"href":"https:\/\/camisetasebrindesexpress.com.br\/index.php\/wp-json\/wp\/v2\/product_cat?post=2153"},{"taxonomy":"product_tag","embeddable":true,"href":"https:\/\/camisetasebrindesexpress.com.br\/index.php\/wp-json\/wp\/v2\/product_tag?post=2153"}],"curies":[{"name":"wp","href":"https:\/\/api.w.org\/{rel}","templated":true}]}}