{"id":2142,"date":"2024-05-15T01:48:08","date_gmt":"2024-05-15T04:48:08","guid":{"rendered":"https:\/\/camisetasebrindesexpress.com.br\/?post_type=product&#038;p=2142"},"modified":"2024-05-15T01:48:08","modified_gmt":"2024-05-15T04:48:08","slug":"98138-geres-tapete-de-exercicio-para-yoga-em-cortica-e-tpe-com-espessura-ate-37-mm","status":"publish","type":"product","link":"https:\/\/camisetasebrindesexpress.com.br\/index.php\/produto\/98138-geres-tapete-de-exercicio-para-yoga-em-cortica-e-tpe-com-espessura-ate-37-mm\/","title":{"rendered":"98138 GERES. Tapete de exerc\u00edcio para yoga em corti\u00e7a e TPE com espessura at\u00e9 3,7 mm"},"content":{"rendered":"<p>Tapete de exerc\u00edcio para yoga em corti\u00e7a e TPE com espessura at\u00e9 3,7 mm. Inclui al\u00e7a que pode ser usada para transporte ou para utilizar no exerc\u00edcio f\u00edsico. Inv\u00f3lucro papel ilustrativo de exerc\u00edcios que pode realizar com o tapete. Fechado: \u00d8100 x 610 mm | Aberto: 1830 x 610 x 3,7 mm<\/p>\n","protected":false},"excerpt":{"rendered":"<p>Tapete de exerc\u00edcio para yoga em corti\u00e7a e TPE com espessura at\u00e9 3,7 mm. Inclui al\u00e7a que pode ser usada para transporte ou para utilizar no exerc\u00edcio f\u00edsico. Inv\u00f3lucro papel ilustrativo de exerc\u00edcios que pode realizar com o tapete. Fechado: \u00d8100 x 610 mm | Aberto: 1830 x 610 x 3,7 mm<\/p>\n","protected":false},"featured_media":2147,"comment_status":"open","ping_status":"closed","template":"","meta":{"_joinchat":[]},"product_cat":[23],"product_tag":[],"_links":{"self":[{"href":"https:\/\/camisetasebrindesexpress.com.br\/index.php\/wp-json\/wp\/v2\/product\/2142"}],"collection":[{"href":"https:\/\/camisetasebrindesexpress.com.br\/index.php\/wp-json\/wp\/v2\/product"}],"about":[{"href":"https:\/\/camisetasebrindesexpress.com.br\/index.php\/wp-json\/wp\/v2\/types\/product"}],"replies":[{"embeddable":true,"href":"https:\/\/camisetasebrindesexpress.com.br\/index.php\/wp-json\/wp\/v2\/comments?post=2142"}],"wp:featuredmedia":[{"embeddable":true,"href":"https:\/\/camisetasebrindesexpress.com.br\/index.php\/wp-json\/wp\/v2\/media\/2147"}],"wp:attachment":[{"href":"https:\/\/camisetasebrindesexpress.com.br\/index.php\/wp-json\/wp\/v2\/media?parent=2142"}],"wp:term":[{"taxonomy":"product_cat","embeddable":true,"href":"https:\/\/camisetasebrindesexpress.com.br\/index.php\/wp-json\/wp\/v2\/product_cat?post=2142"},{"taxonomy":"product_tag","embeddable":true,"href":"https:\/\/camisetasebrindesexpress.com.br\/index.php\/wp-json\/wp\/v2\/product_tag?post=2142"}],"curies":[{"name":"wp","href":"https:\/\/api.w.org\/{rel}","templated":true}]}}