{"id":2137,"date":"2024-05-15T01:46:06","date_gmt":"2024-05-15T04:46:06","guid":{"rendered":"https:\/\/camisetasebrindesexpress.com.br\/?post_type=product&#038;p=2137"},"modified":"2024-05-15T01:46:06","modified_gmt":"2024-05-15T04:46:06","slug":"99970-burpee-conjunto-de-4-bandas-elasticas-com-bolsa-de-non-woven","status":"publish","type":"product","link":"https:\/\/camisetasebrindesexpress.com.br\/index.php\/produto\/99970-burpee-conjunto-de-4-bandas-elasticas-com-bolsa-de-non-woven\/","title":{"rendered":"99970 BURPEE. Conjunto de 4 bandas el\u00e1sticas com bolsa de non-woven"},"content":{"rendered":"<p>Conjunto de 4 bandas el\u00e1sticas de gin\u00e1stica em bolsa de non-woven preta. Cada banda tem um n\u00edvel de resist\u00eancia diferente: Vermelha &#8211; forte; Amarela &#8211; m\u00e9dia; Azul &#8211; leve; Verde &#8211; muito leve. Bolsa: 100 x 200 mm<\/p>\n","protected":false},"excerpt":{"rendered":"<p>Conjunto de 4 bandas el\u00e1sticas de gin\u00e1stica em bolsa de non-woven preta. Cada banda tem um n\u00edvel de resist\u00eancia diferente: Vermelha &#8211; forte; Amarela &#8211; m\u00e9dia; Azul &#8211; leve; Verde &#8211; muito leve. Bolsa: 100 x 200 mm<\/p>\n","protected":false},"featured_media":2141,"comment_status":"open","ping_status":"closed","template":"","meta":{"_joinchat":[]},"product_cat":[23],"product_tag":[],"_links":{"self":[{"href":"https:\/\/camisetasebrindesexpress.com.br\/index.php\/wp-json\/wp\/v2\/product\/2137"}],"collection":[{"href":"https:\/\/camisetasebrindesexpress.com.br\/index.php\/wp-json\/wp\/v2\/product"}],"about":[{"href":"https:\/\/camisetasebrindesexpress.com.br\/index.php\/wp-json\/wp\/v2\/types\/product"}],"replies":[{"embeddable":true,"href":"https:\/\/camisetasebrindesexpress.com.br\/index.php\/wp-json\/wp\/v2\/comments?post=2137"}],"wp:featuredmedia":[{"embeddable":true,"href":"https:\/\/camisetasebrindesexpress.com.br\/index.php\/wp-json\/wp\/v2\/media\/2141"}],"wp:attachment":[{"href":"https:\/\/camisetasebrindesexpress.com.br\/index.php\/wp-json\/wp\/v2\/media?parent=2137"}],"wp:term":[{"taxonomy":"product_cat","embeddable":true,"href":"https:\/\/camisetasebrindesexpress.com.br\/index.php\/wp-json\/wp\/v2\/product_cat?post=2137"},{"taxonomy":"product_tag","embeddable":true,"href":"https:\/\/camisetasebrindesexpress.com.br\/index.php\/wp-json\/wp\/v2\/product_tag?post=2137"}],"curies":[{"name":"wp","href":"https:\/\/api.w.org\/{rel}","templated":true}]}}