{"id":2128,"date":"2024-05-15T01:43:39","date_gmt":"2024-05-15T04:43:39","guid":{"rendered":"https:\/\/camisetasebrindesexpress.com.br\/?post_type=product&#038;p=2128"},"modified":"2024-05-15T01:43:39","modified_gmt":"2024-05-15T04:43:39","slug":"98137-zion-tapete-de-exercicio-para-yoga-em-eva-com-espessura-ate-4-mm","status":"publish","type":"product","link":"https:\/\/camisetasebrindesexpress.com.br\/index.php\/produto\/98137-zion-tapete-de-exercicio-para-yoga-em-eva-com-espessura-ate-4-mm\/","title":{"rendered":"98137 ZION. Tapete de exerc\u00edcio para yoga em EVA com espessura at\u00e9 4 mm"},"content":{"rendered":"<p>Tapete de exerc\u00edcio para yoga ou pilates em EVA com espessura at\u00e9 4 mm. Inclui bolsa em poli\u00e9ster com rede para n\u00e3o conservar odores e al\u00e7a ajust\u00e1vel em tecido para transporte. Fechado: \u00d8115 x 635 mm | Aberto: 1830 x 610 x 4 mm<\/p>\n","protected":false},"excerpt":{"rendered":"<p>Tapete de exerc\u00edcio para yoga ou pilates em EVA com espessura at\u00e9 4 mm. Inclui bolsa em poli\u00e9ster com rede para n\u00e3o conservar odores e al\u00e7a ajust\u00e1vel em tecido para transporte. Fechado: \u00d8115 x 635 mm | Aberto: 1830 x 610 x 4 mm<\/p>\n","protected":false},"featured_media":2136,"comment_status":"open","ping_status":"closed","template":"","meta":{"_joinchat":[]},"product_cat":[23],"product_tag":[],"_links":{"self":[{"href":"https:\/\/camisetasebrindesexpress.com.br\/index.php\/wp-json\/wp\/v2\/product\/2128"}],"collection":[{"href":"https:\/\/camisetasebrindesexpress.com.br\/index.php\/wp-json\/wp\/v2\/product"}],"about":[{"href":"https:\/\/camisetasebrindesexpress.com.br\/index.php\/wp-json\/wp\/v2\/types\/product"}],"replies":[{"embeddable":true,"href":"https:\/\/camisetasebrindesexpress.com.br\/index.php\/wp-json\/wp\/v2\/comments?post=2128"}],"wp:featuredmedia":[{"embeddable":true,"href":"https:\/\/camisetasebrindesexpress.com.br\/index.php\/wp-json\/wp\/v2\/media\/2136"}],"wp:attachment":[{"href":"https:\/\/camisetasebrindesexpress.com.br\/index.php\/wp-json\/wp\/v2\/media?parent=2128"}],"wp:term":[{"taxonomy":"product_cat","embeddable":true,"href":"https:\/\/camisetasebrindesexpress.com.br\/index.php\/wp-json\/wp\/v2\/product_cat?post=2128"},{"taxonomy":"product_tag","embeddable":true,"href":"https:\/\/camisetasebrindesexpress.com.br\/index.php\/wp-json\/wp\/v2\/product_tag?post=2128"}],"curies":[{"name":"wp","href":"https:\/\/api.w.org\/{rel}","templated":true}]}}