{"id":2122,"date":"2024-05-15T01:26:55","date_gmt":"2024-05-15T04:26:55","guid":{"rendered":"https:\/\/camisetasebrindesexpress.com.br\/?post_type=product&#038;p=2122"},"modified":"2024-05-15T01:26:55","modified_gmt":"2024-05-15T04:26:55","slug":"98406-jeddah-cooler-bolsa-termica-3-l-em-600d","status":"publish","type":"product","link":"https:\/\/camisetasebrindesexpress.com.br\/index.php\/produto\/98406-jeddah-cooler-bolsa-termica-3-l-em-600d\/","title":{"rendered":"98406 JEDDAH. Cooler. Bolsa t\u00e9rmica 3 L em 600D"},"content":{"rendered":"<p>Bolsa t\u00e9rmica em 600D com capacidade at\u00e9 3 L. Certifica\u00e7\u00e3o EU Food Grade. 190 x 140 x 120 mm<\/p>\n","protected":false},"excerpt":{"rendered":"<p>Bolsa t\u00e9rmica em 600D com capacidade at\u00e9 3 L. Certifica\u00e7\u00e3o EU Food Grade. 190 x 140 x 120 mm<\/p>\n","protected":false},"featured_media":2127,"comment_status":"open","ping_status":"closed","template":"","meta":{"_joinchat":[]},"product_cat":[22],"product_tag":[],"_links":{"self":[{"href":"https:\/\/camisetasebrindesexpress.com.br\/index.php\/wp-json\/wp\/v2\/product\/2122"}],"collection":[{"href":"https:\/\/camisetasebrindesexpress.com.br\/index.php\/wp-json\/wp\/v2\/product"}],"about":[{"href":"https:\/\/camisetasebrindesexpress.com.br\/index.php\/wp-json\/wp\/v2\/types\/product"}],"replies":[{"embeddable":true,"href":"https:\/\/camisetasebrindesexpress.com.br\/index.php\/wp-json\/wp\/v2\/comments?post=2122"}],"wp:featuredmedia":[{"embeddable":true,"href":"https:\/\/camisetasebrindesexpress.com.br\/index.php\/wp-json\/wp\/v2\/media\/2127"}],"wp:attachment":[{"href":"https:\/\/camisetasebrindesexpress.com.br\/index.php\/wp-json\/wp\/v2\/media?parent=2122"}],"wp:term":[{"taxonomy":"product_cat","embeddable":true,"href":"https:\/\/camisetasebrindesexpress.com.br\/index.php\/wp-json\/wp\/v2\/product_cat?post=2122"},{"taxonomy":"product_tag","embeddable":true,"href":"https:\/\/camisetasebrindesexpress.com.br\/index.php\/wp-json\/wp\/v2\/product_tag?post=2122"}],"curies":[{"name":"wp","href":"https:\/\/api.w.org\/{rel}","templated":true}]}}