{"id":2091,"date":"2024-05-15T01:19:50","date_gmt":"2024-05-15T04:19:50","guid":{"rendered":"https:\/\/camisetasebrindesexpress.com.br\/?post_type=product&#038;p=2091"},"modified":"2024-05-15T01:19:51","modified_gmt":"2024-05-15T04:19:51","slug":"98428-york-cooler-bolsa-termica-4-l-em-papel-com-isolamento-termico","status":"publish","type":"product","link":"https:\/\/camisetasebrindesexpress.com.br\/index.php\/produto\/98428-york-cooler-bolsa-termica-4-l-em-papel-com-isolamento-termico\/","title":{"rendered":"98428 YORK. Cooler. Bolsa t\u00e9rmica 4 L em papel com isolamento t\u00e9rmico"},"content":{"rendered":"<p>Bolsa t\u00e9rmica em papel com forro em non-woven e interior com isolamento t\u00e9rmico em alum\u00ednio. Fecho com velcro e bolso frontal. Capacidade at\u00e9 4 L. Certifica\u00e7\u00e3o EU Food Grade. Fechado: 195 x 350 x 110 mm | Aberto: 195 x 410 x 110 mm<\/p>\n","protected":false},"excerpt":{"rendered":"<p>Bolsa t\u00e9rmica em papel com forro em non-woven e interior com isolamento t\u00e9rmico em alum\u00ednio. Fecho com velcro e bolso frontal. Capacidade at\u00e9 4 L. Certifica\u00e7\u00e3o EU Food Grade. Fechado: 195 x 350 x 110 mm | Aberto: 195 x 410 x 110 mm<\/p>\n","protected":false},"featured_media":2095,"comment_status":"open","ping_status":"closed","template":"","meta":{"_joinchat":[]},"product_cat":[22],"product_tag":[],"_links":{"self":[{"href":"https:\/\/camisetasebrindesexpress.com.br\/index.php\/wp-json\/wp\/v2\/product\/2091"}],"collection":[{"href":"https:\/\/camisetasebrindesexpress.com.br\/index.php\/wp-json\/wp\/v2\/product"}],"about":[{"href":"https:\/\/camisetasebrindesexpress.com.br\/index.php\/wp-json\/wp\/v2\/types\/product"}],"replies":[{"embeddable":true,"href":"https:\/\/camisetasebrindesexpress.com.br\/index.php\/wp-json\/wp\/v2\/comments?post=2091"}],"wp:featuredmedia":[{"embeddable":true,"href":"https:\/\/camisetasebrindesexpress.com.br\/index.php\/wp-json\/wp\/v2\/media\/2095"}],"wp:attachment":[{"href":"https:\/\/camisetasebrindesexpress.com.br\/index.php\/wp-json\/wp\/v2\/media?parent=2091"}],"wp:term":[{"taxonomy":"product_cat","embeddable":true,"href":"https:\/\/camisetasebrindesexpress.com.br\/index.php\/wp-json\/wp\/v2\/product_cat?post=2091"},{"taxonomy":"product_tag","embeddable":true,"href":"https:\/\/camisetasebrindesexpress.com.br\/index.php\/wp-json\/wp\/v2\/product_tag?post=2091"}],"curies":[{"name":"wp","href":"https:\/\/api.w.org\/{rel}","templated":true}]}}