{"id":2085,"date":"2024-05-15T01:18:43","date_gmt":"2024-05-15T04:18:43","guid":{"rendered":"https:\/\/camisetasebrindesexpress.com.br\/?post_type=product&#038;p=2085"},"modified":"2024-05-15T01:18:43","modified_gmt":"2024-05-15T04:18:43","slug":"98408-jaipur-cooler-mochila-termica-10-l-em-600d","status":"publish","type":"product","link":"https:\/\/camisetasebrindesexpress.com.br\/index.php\/produto\/98408-jaipur-cooler-mochila-termica-10-l-em-600d\/","title":{"rendered":"98408 JAIPUR. Cooler. Mochila t\u00e9rmica 10 L em 600D"},"content":{"rendered":"<p>Mochila t\u00e9rmica em 600D com um bolso frontal com z\u00edper e dois bolsos laterais em tela mesh. Capacidade at\u00e9 10 L. Certifica\u00e7\u00e3o EU Food Grade. 280 x 340 x 140 mm<\/p>\n","protected":false},"excerpt":{"rendered":"<p>Mochila t\u00e9rmica em 600D com um bolso frontal com z\u00edper e dois bolsos laterais em tela mesh. Capacidade at\u00e9 10 L. Certifica\u00e7\u00e3o EU Food Grade. 280 x 340 x 140 mm<\/p>\n","protected":false},"featured_media":2090,"comment_status":"open","ping_status":"closed","template":"","meta":{"_joinchat":[]},"product_cat":[22],"product_tag":[],"_links":{"self":[{"href":"https:\/\/camisetasebrindesexpress.com.br\/index.php\/wp-json\/wp\/v2\/product\/2085"}],"collection":[{"href":"https:\/\/camisetasebrindesexpress.com.br\/index.php\/wp-json\/wp\/v2\/product"}],"about":[{"href":"https:\/\/camisetasebrindesexpress.com.br\/index.php\/wp-json\/wp\/v2\/types\/product"}],"replies":[{"embeddable":true,"href":"https:\/\/camisetasebrindesexpress.com.br\/index.php\/wp-json\/wp\/v2\/comments?post=2085"}],"wp:featuredmedia":[{"embeddable":true,"href":"https:\/\/camisetasebrindesexpress.com.br\/index.php\/wp-json\/wp\/v2\/media\/2090"}],"wp:attachment":[{"href":"https:\/\/camisetasebrindesexpress.com.br\/index.php\/wp-json\/wp\/v2\/media?parent=2085"}],"wp:term":[{"taxonomy":"product_cat","embeddable":true,"href":"https:\/\/camisetasebrindesexpress.com.br\/index.php\/wp-json\/wp\/v2\/product_cat?post=2085"},{"taxonomy":"product_tag","embeddable":true,"href":"https:\/\/camisetasebrindesexpress.com.br\/index.php\/wp-json\/wp\/v2\/product_tag?post=2085"}],"curies":[{"name":"wp","href":"https:\/\/api.w.org\/{rel}","templated":true}]}}