{"id":2074,"date":"2024-05-15T01:16:24","date_gmt":"2024-05-15T04:16:24","guid":{"rendered":"https:\/\/camisetasebrindesexpress.com.br\/?post_type=product&#038;p=2074"},"modified":"2024-05-15T01:16:24","modified_gmt":"2024-05-15T04:16:24","slug":"98427-repurpose-cooler-cooler-bolsa-termica-7-l-em-600d-rpet","status":"publish","type":"product","link":"https:\/\/camisetasebrindesexpress.com.br\/index.php\/produto\/98427-repurpose-cooler-cooler-bolsa-termica-7-l-em-600d-rpet\/","title":{"rendered":"98427 REPURPOSE COOLER. Cooler. Bolsa t\u00e9rmica 7 L em 600D rPET"},"content":{"rendered":"<div class=\"texto\">Bolsa t\u00e9rmica em 600D rPET com interior em PEVA. Al\u00e7a ajust\u00e1vel em webbing, bolso frontal e fecho duplo. Capacidade at\u00e9 7 L. Certifica\u00e7\u00e3o EU Food Grade. 240 x 170 x 170 mm<\/div>\n<div class=\"icons\">\n<div class=\"icon\"><img decoding=\"async\" src=\"https:\/\/www.spotgifts.com.br\/fotos\/pictogramas\/protecao_termica_1518254262610cfde031368.png\" alt=\"SPOT\" \/><\/div>\n<div class=\"icon\"><img decoding=\"async\" src=\"https:\/\/www.spotgifts.com.br\/fotos\/pictogramas\/our_nature_204199429465a696b2f1eac.png\" alt=\"SPOT\" \/><\/div>\n<div class=\"icon\"><img decoding=\"async\" src=\"https:\/\/www.spotgifts.com.br\/fotos\/pictogramas\/rpet_6281350156466226ac3266.png\" alt=\"SPOT\" \/><\/div>\n<\/div>\n","protected":false},"excerpt":{"rendered":"<p>Bolsa t\u00e9rmica em 600D rPET com interior em PEVA. Al\u00e7a ajust\u00e1vel em webbing, bolso frontal e fecho duplo. Capacidade at\u00e9 7 L. Certifica\u00e7\u00e3o EU Food Grade. 240 x 170 x 170 mm<\/p>\n","protected":false},"featured_media":2079,"comment_status":"open","ping_status":"closed","template":"","meta":{"_joinchat":[]},"product_cat":[22],"product_tag":[],"_links":{"self":[{"href":"https:\/\/camisetasebrindesexpress.com.br\/index.php\/wp-json\/wp\/v2\/product\/2074"}],"collection":[{"href":"https:\/\/camisetasebrindesexpress.com.br\/index.php\/wp-json\/wp\/v2\/product"}],"about":[{"href":"https:\/\/camisetasebrindesexpress.com.br\/index.php\/wp-json\/wp\/v2\/types\/product"}],"replies":[{"embeddable":true,"href":"https:\/\/camisetasebrindesexpress.com.br\/index.php\/wp-json\/wp\/v2\/comments?post=2074"}],"wp:featuredmedia":[{"embeddable":true,"href":"https:\/\/camisetasebrindesexpress.com.br\/index.php\/wp-json\/wp\/v2\/media\/2079"}],"wp:attachment":[{"href":"https:\/\/camisetasebrindesexpress.com.br\/index.php\/wp-json\/wp\/v2\/media?parent=2074"}],"wp:term":[{"taxonomy":"product_cat","embeddable":true,"href":"https:\/\/camisetasebrindesexpress.com.br\/index.php\/wp-json\/wp\/v2\/product_cat?post=2074"},{"taxonomy":"product_tag","embeddable":true,"href":"https:\/\/camisetasebrindesexpress.com.br\/index.php\/wp-json\/wp\/v2\/product_tag?post=2074"}],"curies":[{"name":"wp","href":"https:\/\/api.w.org\/{rel}","templated":true}]}}