{"id":2070,"date":"2024-05-15T01:14:53","date_gmt":"2024-05-15T04:14:53","guid":{"rendered":"https:\/\/camisetasebrindesexpress.com.br\/?post_type=product&#038;p=2070"},"modified":"2024-05-15T01:14:53","modified_gmt":"2024-05-15T04:14:53","slug":"92097-zippers-cooler-cooler-bolsa-termica-7-l-em-300d-e-840d","status":"publish","type":"product","link":"https:\/\/camisetasebrindesexpress.com.br\/index.php\/produto\/92097-zippers-cooler-cooler-bolsa-termica-7-l-em-300d-e-840d\/","title":{"rendered":"92097 ZIPPERS COOLER. Cooler. Bolsa T\u00e9rmica 7 L em 300D e 840D"},"content":{"rendered":"<div class=\"texto\">Bolsa T\u00e9rmica em 300D e 840D Jacquard com interior imperme\u00e1vel em PEVA para facilitar a higieniza\u00e7\u00e3o. Cont\u00e9m 2 compartimentos principais, 1 bolso frontal com fecho e 1 bolso lateral em tela mesh. Al\u00e7a em webbing ajust\u00e1vel e pega de m\u00e3o refor\u00e7ada. A bolsa t\u00e9rmica tem capacidade at\u00e9 7 L. Certifica\u00e7\u00e3o EU Food Grade. 270 x 240 x 150 mm<\/div>\n<div class=\"icons\">\n<div class=\"icon\"><img decoding=\"async\" src=\"https:\/\/www.spotgifts.com.br\/fotos\/pictogramas\/apropriado_comida_821178460610cfa693a920.png\" alt=\"SPOT\" \/><\/div>\n<div class=\"icon\"><img decoding=\"async\" src=\"https:\/\/www.spotgifts.com.br\/fotos\/pictogramas\/protecao_termica_1518254262610cfde031368.png\" alt=\"SPOT\" \/><\/div>\n<div class=\"icon\"><img decoding=\"async\" src=\"https:\/\/www.spotgifts.com.br\/fotos\/pictogramas\/prova_agua_466749045610cfe2bd0ddd.png\" alt=\"SPOT\" \/><\/div>\n<\/div>\n","protected":false},"excerpt":{"rendered":"<p>Bolsa T\u00e9rmica em 300D e 840D Jacquard com interior imperme\u00e1vel em PEVA para facilitar a higieniza\u00e7\u00e3o. Cont\u00e9m 2 compartimentos principais, 1 bolso frontal com fecho e 1 bolso lateral em tela mesh. Al\u00e7a em webbing ajust\u00e1vel e pega de m\u00e3o refor\u00e7ada. A bolsa t\u00e9rmica tem capacidade at\u00e9 7 L. Certifica\u00e7\u00e3o EU Food Grade. 270 x [&hellip;]<\/p>\n","protected":false},"featured_media":2073,"comment_status":"open","ping_status":"closed","template":"","meta":{"_joinchat":[]},"product_cat":[22],"product_tag":[],"_links":{"self":[{"href":"https:\/\/camisetasebrindesexpress.com.br\/index.php\/wp-json\/wp\/v2\/product\/2070"}],"collection":[{"href":"https:\/\/camisetasebrindesexpress.com.br\/index.php\/wp-json\/wp\/v2\/product"}],"about":[{"href":"https:\/\/camisetasebrindesexpress.com.br\/index.php\/wp-json\/wp\/v2\/types\/product"}],"replies":[{"embeddable":true,"href":"https:\/\/camisetasebrindesexpress.com.br\/index.php\/wp-json\/wp\/v2\/comments?post=2070"}],"wp:featuredmedia":[{"embeddable":true,"href":"https:\/\/camisetasebrindesexpress.com.br\/index.php\/wp-json\/wp\/v2\/media\/2073"}],"wp:attachment":[{"href":"https:\/\/camisetasebrindesexpress.com.br\/index.php\/wp-json\/wp\/v2\/media?parent=2070"}],"wp:term":[{"taxonomy":"product_cat","embeddable":true,"href":"https:\/\/camisetasebrindesexpress.com.br\/index.php\/wp-json\/wp\/v2\/product_cat?post=2070"},{"taxonomy":"product_tag","embeddable":true,"href":"https:\/\/camisetasebrindesexpress.com.br\/index.php\/wp-json\/wp\/v2\/product_tag?post=2070"}],"curies":[{"name":"wp","href":"https:\/\/api.w.org\/{rel}","templated":true}]}}