{"id":2060,"date":"2024-05-15T01:12:48","date_gmt":"2024-05-15T04:12:48","guid":{"rendered":"https:\/\/camisetasebrindesexpress.com.br\/?post_type=product&#038;p=2060"},"modified":"2024-05-15T01:12:49","modified_gmt":"2024-05-15T04:12:49","slug":"98426-baskit-cooler-sacola-termica-flexivel-14-l-em-600d","status":"publish","type":"product","link":"https:\/\/camisetasebrindesexpress.com.br\/index.php\/produto\/98426-baskit-cooler-sacola-termica-flexivel-14-l-em-600d\/","title":{"rendered":"98426 BASKIT. Cooler. Sacola t\u00e9rmica flex\u00edvel 14 L em 600D"},"content":{"rendered":"<div class=\"texto\">Sacola t\u00e9rmica flex\u00edvel em 600D com z\u00edper duplo e interior forrado. Estrutura remov\u00edvel em alum\u00ednio, com pega ergon\u00f4mica em EVA. Capacidade at\u00e9 14 L. 460 x 270 x 250 mm<\/div>\n<div class=\"icons\">\n<div class=\"icon\"><img decoding=\"async\" src=\"https:\/\/www.spotgifts.com.br\/fotos\/pictogramas\/apropriado_comida_821178460610cfa693a920.png\" alt=\"SPOT\" \/><\/div>\n<div class=\"icon\"><img decoding=\"async\" src=\"https:\/\/www.spotgifts.com.br\/fotos\/pictogramas\/protecao_termica_1518254262610cfde031368.png\" alt=\"SPOT\" \/><\/div>\n<\/div>\n","protected":false},"excerpt":{"rendered":"<p>Sacola t\u00e9rmica flex\u00edvel em 600D com z\u00edper duplo e interior forrado. Estrutura remov\u00edvel em alum\u00ednio, com pega ergon\u00f4mica em EVA. Capacidade at\u00e9 14 L. 460 x 270 x 250 mm<\/p>\n","protected":false},"featured_media":2064,"comment_status":"open","ping_status":"closed","template":"","meta":{"_joinchat":[]},"product_cat":[22],"product_tag":[],"_links":{"self":[{"href":"https:\/\/camisetasebrindesexpress.com.br\/index.php\/wp-json\/wp\/v2\/product\/2060"}],"collection":[{"href":"https:\/\/camisetasebrindesexpress.com.br\/index.php\/wp-json\/wp\/v2\/product"}],"about":[{"href":"https:\/\/camisetasebrindesexpress.com.br\/index.php\/wp-json\/wp\/v2\/types\/product"}],"replies":[{"embeddable":true,"href":"https:\/\/camisetasebrindesexpress.com.br\/index.php\/wp-json\/wp\/v2\/comments?post=2060"}],"wp:featuredmedia":[{"embeddable":true,"href":"https:\/\/camisetasebrindesexpress.com.br\/index.php\/wp-json\/wp\/v2\/media\/2064"}],"wp:attachment":[{"href":"https:\/\/camisetasebrindesexpress.com.br\/index.php\/wp-json\/wp\/v2\/media?parent=2060"}],"wp:term":[{"taxonomy":"product_cat","embeddable":true,"href":"https:\/\/camisetasebrindesexpress.com.br\/index.php\/wp-json\/wp\/v2\/product_cat?post=2060"},{"taxonomy":"product_tag","embeddable":true,"href":"https:\/\/camisetasebrindesexpress.com.br\/index.php\/wp-json\/wp\/v2\/product_tag?post=2060"}],"curies":[{"name":"wp","href":"https:\/\/api.w.org\/{rel}","templated":true}]}}