{"id":1962,"date":"2024-05-14T17:28:10","date_gmt":"2024-05-14T20:28:10","guid":{"rendered":"https:\/\/camisetasebrindesexpress.com.br\/?post_type=product&#038;p=1962"},"modified":"2024-05-14T17:28:10","modified_gmt":"2024-05-14T20:28:10","slug":"92515-hexa-sport-bolsa-esportiva-em-600d","status":"publish","type":"product","link":"https:\/\/camisetasebrindesexpress.com.br\/index.php\/produto\/92515-hexa-sport-bolsa-esportiva-em-600d\/","title":{"rendered":"92515 HEXA SPORT. Bolsa esportiva em 600D"},"content":{"rendered":"<p>Bolsa esportiva em 600D. Fundo com placa semi-r\u00edgida, bolso frontal com z\u00edper e bolso em tela. Al\u00e7a de ombro ajust\u00e1vel, com refor\u00e7o. Squeeze n\u00e3o incluso. 460 x 290 x 220 mm<\/p>\n","protected":false},"excerpt":{"rendered":"<p>Bolsa esportiva em 600D. Fundo com placa semi-r\u00edgida, bolso frontal com z\u00edper e bolso em tela. Al\u00e7a de ombro ajust\u00e1vel, com refor\u00e7o. Squeeze n\u00e3o incluso. 460 x 290 x 220 mm<\/p>\n","protected":false},"featured_media":1965,"comment_status":"open","ping_status":"closed","template":"","meta":{"_joinchat":[]},"product_cat":[21],"product_tag":[],"_links":{"self":[{"href":"https:\/\/camisetasebrindesexpress.com.br\/index.php\/wp-json\/wp\/v2\/product\/1962"}],"collection":[{"href":"https:\/\/camisetasebrindesexpress.com.br\/index.php\/wp-json\/wp\/v2\/product"}],"about":[{"href":"https:\/\/camisetasebrindesexpress.com.br\/index.php\/wp-json\/wp\/v2\/types\/product"}],"replies":[{"embeddable":true,"href":"https:\/\/camisetasebrindesexpress.com.br\/index.php\/wp-json\/wp\/v2\/comments?post=1962"}],"wp:featuredmedia":[{"embeddable":true,"href":"https:\/\/camisetasebrindesexpress.com.br\/index.php\/wp-json\/wp\/v2\/media\/1965"}],"wp:attachment":[{"href":"https:\/\/camisetasebrindesexpress.com.br\/index.php\/wp-json\/wp\/v2\/media?parent=1962"}],"wp:term":[{"taxonomy":"product_cat","embeddable":true,"href":"https:\/\/camisetasebrindesexpress.com.br\/index.php\/wp-json\/wp\/v2\/product_cat?post=1962"},{"taxonomy":"product_tag","embeddable":true,"href":"https:\/\/camisetasebrindesexpress.com.br\/index.php\/wp-json\/wp\/v2\/product_tag?post=1962"}],"curies":[{"name":"wp","href":"https:\/\/api.w.org\/{rel}","templated":true}]}}