{"id":1957,"date":"2024-05-14T17:27:37","date_gmt":"2024-05-14T20:27:37","guid":{"rendered":"https:\/\/camisetasebrindesexpress.com.br\/?post_type=product&#038;p=1957"},"modified":"2024-05-14T17:27:37","modified_gmt":"2024-05-14T20:27:37","slug":"92569-munich-pochete-em-210d-ripstop","status":"publish","type":"product","link":"https:\/\/camisetasebrindesexpress.com.br\/index.php\/produto\/92569-munich-pochete-em-210d-ripstop\/","title":{"rendered":"92569 MUNICH. Pochete em 210D ripstop"},"content":{"rendered":"<p>Pochete em 210D ripstop com sa\u00edda para fone de ouvido. Bolsa com z\u00edper e al\u00e7a ajust\u00e1vel. 250 x 80 mm<\/p>\n","protected":false},"excerpt":{"rendered":"<p>Pochete em 210D ripstop com sa\u00edda para fone de ouvido. Bolsa com z\u00edper e al\u00e7a ajust\u00e1vel. 250 x 80 mm<\/p>\n","protected":false},"featured_media":1961,"comment_status":"open","ping_status":"closed","template":"","meta":{"_joinchat":[]},"product_cat":[21],"product_tag":[],"_links":{"self":[{"href":"https:\/\/camisetasebrindesexpress.com.br\/index.php\/wp-json\/wp\/v2\/product\/1957"}],"collection":[{"href":"https:\/\/camisetasebrindesexpress.com.br\/index.php\/wp-json\/wp\/v2\/product"}],"about":[{"href":"https:\/\/camisetasebrindesexpress.com.br\/index.php\/wp-json\/wp\/v2\/types\/product"}],"replies":[{"embeddable":true,"href":"https:\/\/camisetasebrindesexpress.com.br\/index.php\/wp-json\/wp\/v2\/comments?post=1957"}],"wp:featuredmedia":[{"embeddable":true,"href":"https:\/\/camisetasebrindesexpress.com.br\/index.php\/wp-json\/wp\/v2\/media\/1961"}],"wp:attachment":[{"href":"https:\/\/camisetasebrindesexpress.com.br\/index.php\/wp-json\/wp\/v2\/media?parent=1957"}],"wp:term":[{"taxonomy":"product_cat","embeddable":true,"href":"https:\/\/camisetasebrindesexpress.com.br\/index.php\/wp-json\/wp\/v2\/product_cat?post=1957"},{"taxonomy":"product_tag","embeddable":true,"href":"https:\/\/camisetasebrindesexpress.com.br\/index.php\/wp-json\/wp\/v2\/product_tag?post=1957"}],"curies":[{"name":"wp","href":"https:\/\/api.w.org\/{rel}","templated":true}]}}