{"id":1951,"date":"2024-05-14T16:41:35","date_gmt":"2024-05-14T19:41:35","guid":{"rendered":"https:\/\/camisetasebrindesexpress.com.br\/?post_type=product&#038;p=1951"},"modified":"2024-05-14T16:41:35","modified_gmt":"2024-05-14T19:41:35","slug":"92568-toronto-sacola-esportiva-dobravel","status":"publish","type":"product","link":"https:\/\/camisetasebrindesexpress.com.br\/index.php\/produto\/92568-toronto-sacola-esportiva-dobravel\/","title":{"rendered":"92568 TORONTO. Sacola esportiva dobr\u00e1vel"},"content":{"rendered":"<p>Sacola esportiva dobr\u00e1vel em 210D ripstop com bolso frontal. Fornecida desdobrada. \u00f8240 x 410 mm | Dobrado: 160 x 160 mm<\/p>\n","protected":false},"excerpt":{"rendered":"<p>Sacola esportiva dobr\u00e1vel em 210D ripstop com bolso frontal. Fornecida desdobrada. \u00f8240 x 410 mm | Dobrado: 160 x 160 mm<\/p>\n","protected":false},"featured_media":1956,"comment_status":"open","ping_status":"closed","template":"","meta":{"_joinchat":[]},"product_cat":[21],"product_tag":[],"_links":{"self":[{"href":"https:\/\/camisetasebrindesexpress.com.br\/index.php\/wp-json\/wp\/v2\/product\/1951"}],"collection":[{"href":"https:\/\/camisetasebrindesexpress.com.br\/index.php\/wp-json\/wp\/v2\/product"}],"about":[{"href":"https:\/\/camisetasebrindesexpress.com.br\/index.php\/wp-json\/wp\/v2\/types\/product"}],"replies":[{"embeddable":true,"href":"https:\/\/camisetasebrindesexpress.com.br\/index.php\/wp-json\/wp\/v2\/comments?post=1951"}],"wp:featuredmedia":[{"embeddable":true,"href":"https:\/\/camisetasebrindesexpress.com.br\/index.php\/wp-json\/wp\/v2\/media\/1956"}],"wp:attachment":[{"href":"https:\/\/camisetasebrindesexpress.com.br\/index.php\/wp-json\/wp\/v2\/media?parent=1951"}],"wp:term":[{"taxonomy":"product_cat","embeddable":true,"href":"https:\/\/camisetasebrindesexpress.com.br\/index.php\/wp-json\/wp\/v2\/product_cat?post=1951"},{"taxonomy":"product_tag","embeddable":true,"href":"https:\/\/camisetasebrindesexpress.com.br\/index.php\/wp-json\/wp\/v2\/product_tag?post=1951"}],"curies":[{"name":"wp","href":"https:\/\/api.w.org\/{rel}","templated":true}]}}