{"id":1941,"date":"2024-05-14T16:39:28","date_gmt":"2024-05-14T19:39:28","guid":{"rendered":"https:\/\/camisetasebrindesexpress.com.br\/?post_type=product&#038;p=1941"},"modified":"2024-05-14T16:39:28","modified_gmt":"2024-05-14T19:39:28","slug":"92665-city-mochila-em-600d-com-saida-para-fone-de-ouvido","status":"publish","type":"product","link":"https:\/\/camisetasebrindesexpress.com.br\/index.php\/produto\/92665-city-mochila-em-600d-com-saida-para-fone-de-ouvido\/","title":{"rendered":"92665 CITY. Mochila em 600D com sa\u00edda para fone de ouvido"},"content":{"rendered":"<p>Mochila em 600D com sa\u00edda para fone de ouvido. Interior forrado, com bolso e 2 bolsos laterais em rede. Parte posterior e al\u00e7as almofadadas. 270 x 400 x 140 mm<\/p>\n","protected":false},"excerpt":{"rendered":"<p>Mochila em 600D com sa\u00edda para fone de ouvido. Interior forrado, com bolso e 2 bolsos laterais em rede. Parte posterior e al\u00e7as almofadadas. 270 x 400 x 140 mm<\/p>\n","protected":false},"featured_media":1944,"comment_status":"open","ping_status":"closed","template":"","meta":{"_joinchat":[]},"product_cat":[21],"product_tag":[],"_links":{"self":[{"href":"https:\/\/camisetasebrindesexpress.com.br\/index.php\/wp-json\/wp\/v2\/product\/1941"}],"collection":[{"href":"https:\/\/camisetasebrindesexpress.com.br\/index.php\/wp-json\/wp\/v2\/product"}],"about":[{"href":"https:\/\/camisetasebrindesexpress.com.br\/index.php\/wp-json\/wp\/v2\/types\/product"}],"replies":[{"embeddable":true,"href":"https:\/\/camisetasebrindesexpress.com.br\/index.php\/wp-json\/wp\/v2\/comments?post=1941"}],"wp:featuredmedia":[{"embeddable":true,"href":"https:\/\/camisetasebrindesexpress.com.br\/index.php\/wp-json\/wp\/v2\/media\/1944"}],"wp:attachment":[{"href":"https:\/\/camisetasebrindesexpress.com.br\/index.php\/wp-json\/wp\/v2\/media?parent=1941"}],"wp:term":[{"taxonomy":"product_cat","embeddable":true,"href":"https:\/\/camisetasebrindesexpress.com.br\/index.php\/wp-json\/wp\/v2\/product_cat?post=1941"},{"taxonomy":"product_tag","embeddable":true,"href":"https:\/\/camisetasebrindesexpress.com.br\/index.php\/wp-json\/wp\/v2\/product_tag?post=1941"}],"curies":[{"name":"wp","href":"https:\/\/api.w.org\/{rel}","templated":true}]}}