{"id":1935,"date":"2024-05-14T16:37:54","date_gmt":"2024-05-14T19:37:54","guid":{"rendered":"https:\/\/camisetasebrindesexpress.com.br\/?post_type=product&#038;p=1935"},"modified":"2024-05-14T16:37:54","modified_gmt":"2024-05-14T19:37:54","slug":"92258-chicago-pasta-para-notebook-ate-15-6-em-600d-com-interior-forrado-e-almofadado","status":"publish","type":"product","link":"https:\/\/camisetasebrindesexpress.com.br\/index.php\/produto\/92258-chicago-pasta-para-notebook-ate-15-6-em-600d-com-interior-forrado-e-almofadado\/","title":{"rendered":"92258 CHICAGO. Pasta para notebook at\u00e9 15.6&#8221; em 600D com interior forrado e almofadado"},"content":{"rendered":"<p>Pasta para notebook at\u00e9 15.6&#8221; em 600D com interior forrado e almofadado. Tem 2 bolsos frontais e al\u00e7a de ombro ajust\u00e1vel. A pasta tem suporte para esferogr\u00e1ficas (n\u00e3o inclusas). 400 x 300 x 80 mm<\/p>\n","protected":false},"excerpt":{"rendered":"<p>Pasta para notebook at\u00e9 15.6&#8221; em 600D com interior forrado e almofadado. Tem 2 bolsos frontais e al\u00e7a de ombro ajust\u00e1vel. A pasta tem suporte para esferogr\u00e1ficas (n\u00e3o inclusas). 400 x 300 x 80 mm<\/p>\n","protected":false},"featured_media":1937,"comment_status":"open","ping_status":"closed","template":"","meta":{"_joinchat":[]},"product_cat":[21],"product_tag":[],"_links":{"self":[{"href":"https:\/\/camisetasebrindesexpress.com.br\/index.php\/wp-json\/wp\/v2\/product\/1935"}],"collection":[{"href":"https:\/\/camisetasebrindesexpress.com.br\/index.php\/wp-json\/wp\/v2\/product"}],"about":[{"href":"https:\/\/camisetasebrindesexpress.com.br\/index.php\/wp-json\/wp\/v2\/types\/product"}],"replies":[{"embeddable":true,"href":"https:\/\/camisetasebrindesexpress.com.br\/index.php\/wp-json\/wp\/v2\/comments?post=1935"}],"wp:featuredmedia":[{"embeddable":true,"href":"https:\/\/camisetasebrindesexpress.com.br\/index.php\/wp-json\/wp\/v2\/media\/1937"}],"wp:attachment":[{"href":"https:\/\/camisetasebrindesexpress.com.br\/index.php\/wp-json\/wp\/v2\/media?parent=1935"}],"wp:term":[{"taxonomy":"product_cat","embeddable":true,"href":"https:\/\/camisetasebrindesexpress.com.br\/index.php\/wp-json\/wp\/v2\/product_cat?post=1935"},{"taxonomy":"product_tag","embeddable":true,"href":"https:\/\/camisetasebrindesexpress.com.br\/index.php\/wp-json\/wp\/v2\/product_tag?post=1935"}],"curies":[{"name":"wp","href":"https:\/\/api.w.org\/{rel}","templated":true}]}}